{"id":804,"date":"2019-09-02T14:55:37","date_gmt":"2019-09-02T12:55:37","guid":{"rendered":"https:\/\/sim-phonie.ch\/qui-sommes-nous\/"},"modified":"2020-07-27T11:20:37","modified_gmt":"2020-07-27T09:20:37","slug":"about-us","status":"publish","type":"page","link":"https:\/\/sim-phonie.ch\/en\/about-us\/","title":{"rendered":"About us"},"content":{"rendered":"<div class=\"vce-row-container\"><div class=\"vce-row vce-row--col-gap-30 vce-row-columns--top vce-row-content--top\" data-vce-full-width=\"true\" data-vce-stretch-content=\"true\" id=\"el-128536e7\" data-vce-do-apply=\"all el-128536e7\"><div class=\"vce-content-background-container\"><\/div><div class=\"vce-row-content\" data-vce-element-content=\"true\"><div class=\"vce-col vce-col--md-90p vce-col--xs-1 vce-col--xs-last vce-col--xs-first vce-col--sm-last vce-col--sm-first vce-col--md-first vce-col--lg-first vce-col--xl-first\" id=\"el-fac6a509\"><div class=\"vce-col-inner\" data-vce-do-apply=\"border margin background  el-fac6a509\"><div class=\"vce-col-content\" data-vce-element-content=\"true\" data-vce-do-apply=\"padding el-fac6a509\"><div class=\"vce-row-container\"><div class=\"vce-row vce-row--col-gap-15 vce-row-columns--top vce-row-content--top\" id=\"el-3dd57753\" data-vce-do-apply=\"all el-3dd57753\"><div class=\"vce-content-background-container\"><\/div><div class=\"vce-row-content\" data-vce-element-content=\"true\"><div class=\"vce-col vce-col--xs-100p vce-col--xs-visible vce-col--xs-last vce-col--xs-first vce-col--sm-100p vce-col--sm-visible vce-col--sm-last vce-col--sm-first vce-col--md-10p vce-col--md-visible vce-col--md-first vce-col--lg-10p vce-col--lg-visible vce-col--lg-first vce-col--xl-10p vce-col--xl-visible vce-col--xl-first\" id=\"el-7153992b\"><div class=\"vce-col-inner\" data-vce-do-apply=\"border margin background  el-7153992b\"><div class=\"vce-col-content\" data-vce-element-content=\"true\" data-vce-do-apply=\"padding el-7153992b\"><div class=\"vce-row-container\"><div class=\"vce-row vce-row--col-gap-30 vce-row-columns--top vce-row-content--top\" id=\"el-53a3e2a8\" data-vce-do-apply=\"all el-53a3e2a8\"><div class=\"vce-content-background-container\"><\/div><div class=\"vce-row-content\" data-vce-element-content=\"true\"><div class=\"vce-col vce-col--md-auto vce-col--xs-1 vce-col--xs-last vce-col--xs-first vce-col--sm-last vce-col--sm-first vce-col--md-last vce-col--lg-last vce-col--xl-last vce-col--md-first vce-col--lg-first vce-col--xl-first\" id=\"el-b7c96e45\"><div class=\"vce-col-inner\" data-vce-do-apply=\"border margin background  el-b7c96e45\"><div class=\"vce-col-content\" data-vce-element-content=\"true\" data-vce-do-apply=\"padding el-b7c96e45\"><\/div><\/div><\/div><\/div><\/div><\/div><\/div><\/div><\/div><div class=\"vce-col vce-col--xs-100p vce-col--xs-visible vce-col--xs-last vce-col--xs-first vce-col--sm-100p vce-col--sm-visible vce-col--sm-last vce-col--sm-first vce-col--md-70p vce-col--md-visible vce-col--lg-70p vce-col--lg-visible vce-col--xl-70p vce-col--xl-visible\" id=\"el-960ab4a6\"><div class=\"vce-col-inner\" data-vce-do-apply=\"border margin background  el-960ab4a6\"><div class=\"vce-col-content\" data-vce-element-content=\"true\" data-vce-do-apply=\"padding el-960ab4a6\"><div class=\"vce-text-block\"><div class=\"vce-text-block-wrapper vce\" id=\"el-1e7ed219\" data-vce-do-apply=\"all el-1e7ed219\"><h1>About us<\/h1><\/div><\/div><div class=\"vce-text-block\"><div class=\"vce-text-block-wrapper vce\" id=\"el-cc2eef76\" data-vce-do-apply=\"all el-cc2eef76\"><p class=\"p1\"><span class=\"s1\"> Sabine Nonhebel , a trained simultaneous interpreter and translator herself, is the head of <span class=\"smallcap\">sim-phonie <\/span>and, together with her team, she provides the interpretation of conferences and meetings, the translation of documents and the provision of communication and presentation training. In doing so, she works together with a network of expert colleagues who exhibit the utmost professionalism. She is personally familiar with the service provided by each and every one of them, meaning she is well positioned to assess their service quality and deploy them in a targeted manner. <\/span><\/p><p class=\"p1\"><span class=\"s1\"><span class=\"smallcap\" style=\"font-size: 16pt;\">sim-phonie<\/span> is domiciled in Biel\/Bienne and has offices in Berne and Neuch\u00e2tel.<br><\/span><\/p><p>Laure Hoffmeyer, Managing Director of our partner office Versions Originales, navigates her ship through both calm and stormy waters with a steady hand. She and her team have a stylistically confident command of all the techniques required to provide their clients with shipshape translations.<\/p><\/div><\/div><\/div><\/div><\/div><div class=\"vce-col vce-col--xs-100p vce-col--xs-visible vce-col--xs-last vce-col--xs-first vce-col--sm-100p vce-col--sm-visible vce-col--sm-last vce-col--sm-first vce-col--md-auto vce-col--md-visible vce-col--md-last vce-col--lg-auto vce-col--lg-visible vce-col--lg-last vce-col--xl-auto vce-col--xl-visible vce-col--xl-last\" id=\"el-038a68ed\"><div class=\"vce-col-inner\" data-vce-do-apply=\"border margin background  el-038a68ed\"><div class=\"vce-col-content\" data-vce-element-content=\"true\" data-vce-do-apply=\"padding el-038a68ed\"><div class=\"vce-single-image-container vce-single-image--align-left\"><div class=\"vce vce-single-image-wrapper\" id=\"el-916dbaf8\" data-vce-do-apply=\"all el-916dbaf8\"><figure><div class=\"vce-single-image-inner vce-single-image--absolute\" style=\"padding-bottom: 60.1563%; width: 1024px;\"><img class=\"vce-single-image\" width=\"1024\" height=\"616\"src=\"https:\/\/sim-phonie.ch\/wp-content\/uploads\/2020\/07\/Foto-E-Mail-Signatur_bearbeitet-1024x616.jpg\" srcset=\"https:\/\/sim-phonie.ch\/wp-content\/uploads\/2020\/07\/Foto-E-Mail-Signatur_bearbeitet-320x193.jpg 320w,https:\/\/sim-phonie.ch\/wp-content\/uploads\/2020\/07\/Foto-E-Mail-Signatur_bearbeitet-480x289.jpg 480w,https:\/\/sim-phonie.ch\/wp-content\/uploads\/2020\/07\/Foto-E-Mail-Signatur_bearbeitet-800x481.jpg 800w,https:\/\/sim-phonie.ch\/wp-content\/uploads\/2020\/07\/Foto-E-Mail-Signatur_bearbeitet-1024x616.jpg 1024w\" data-img-src=\"https:\/\/sim-phonie.ch\/wp-content\/uploads\/2020\/07\/Foto-E-Mail-Signatur_bearbeitet.jpg\" alt=\"\" title=\"Foto E-Mail-Signatur_bearbeitet\"\/><\/div><\/figure><\/div><\/div><\/div><\/div><\/div><\/div><\/div><\/div><\/div><\/div><\/div><div class=\"vce-col vce-col--md-5p vce-col--xs-1 vce-col--xs-last vce-col--xs-first vce-col--sm-last vce-col--sm-first vce-col--md-last vce-col--lg-last vce-col--xl-last\" id=\"el-46b3a52e\"><div class=\"vce-col-inner\" data-vce-do-apply=\"border margin background  el-46b3a52e\"><div class=\"vce-col-content\" data-vce-element-content=\"true\" data-vce-do-apply=\"padding el-46b3a52e\"><\/div><\/div><\/div><\/div><\/div><\/div><div class=\"vce-row-container\"><div class=\"vce-row vce-element--has-background vce-row--col-gap-30 vce-row-columns--top vce-row-content--top\" data-vce-full-width=\"true\" data-vce-stretch-content=\"true\" id=\"el-bdba9b66\" data-vce-do-apply=\"all el-bdba9b66\"><div class=\"vce-content-background-container\"><\/div><div class=\"vce-row-content\" data-vce-element-content=\"true\"><div class=\"vce-col vce-col--md-90p vce-col--xs-1 vce-col--xs-last vce-col--xs-first vce-col--sm-last vce-col--sm-first vce-col--md-first vce-col--lg-first vce-col--xl-first\" id=\"el-00f8e3fa\"><div class=\"vce-col-inner\" data-vce-do-apply=\"border margin background  el-00f8e3fa\"><div class=\"vce-col-content\" data-vce-element-content=\"true\" data-vce-do-apply=\"padding el-00f8e3fa\"><div class=\"vce-row-container\"><div class=\"vce-row vce-row--col-gap-15 vce-row-columns--top vce-row-content--top\" id=\"el-a06bd8a2\" data-vce-do-apply=\"all el-a06bd8a2\"><div class=\"vce-content-background-container\"><\/div><div class=\"vce-row-content\" data-vce-element-content=\"true\"><div class=\"vce-col vce-col--xs-100p vce-col--xs-visible vce-col--xs-last vce-col--xs-first vce-col--sm-100p vce-col--sm-visible vce-col--sm-last vce-col--sm-first vce-col--md-10p vce-col--md-visible vce-col--md-first vce-col--lg-10p vce-col--lg-visible vce-col--lg-first vce-col--xl-10p vce-col--xl-visible vce-col--xl-first\" id=\"el-2af22677\"><div class=\"vce-col-inner\" data-vce-do-apply=\"border margin background  el-2af22677\"><div class=\"vce-col-content\" data-vce-element-content=\"true\" data-vce-do-apply=\"padding el-2af22677\"><div class=\"vce-row-container\"><div class=\"vce-row vce-row--col-gap-30 vce-row-columns--top vce-row-content--top\" id=\"el-5fdb0cf9\" data-vce-do-apply=\"all el-5fdb0cf9\"><div class=\"vce-content-background-container\"><\/div><div class=\"vce-row-content\" data-vce-element-content=\"true\"><div class=\"vce-col vce-col--md-auto vce-col--xs-1 vce-col--xs-last vce-col--xs-first vce-col--sm-last vce-col--sm-first vce-col--md-last vce-col--lg-last vce-col--xl-last vce-col--md-first vce-col--lg-first vce-col--xl-first\" id=\"el-77b44209\"><div class=\"vce-col-inner\" data-vce-do-apply=\"border margin background  el-77b44209\"><div class=\"vce-col-content\" data-vce-element-content=\"true\" data-vce-do-apply=\"padding el-77b44209\"><\/div><\/div><\/div><\/div><\/div><\/div><\/div><\/div><\/div><div class=\"vce-col vce-col--xs-100p vce-col--xs-visible vce-col--xs-last vce-col--xs-first vce-col--sm-100p vce-col--sm-visible vce-col--sm-last vce-col--sm-first vce-col--md-70p vce-col--md-visible vce-col--lg-70p vce-col--lg-visible vce-col--xl-70p vce-col--xl-visible\" id=\"el-a52e46cd\"><div class=\"vce-col-inner\" data-vce-do-apply=\"border margin background  el-a52e46cd\"><div class=\"vce-col-content\" data-vce-element-content=\"true\" data-vce-do-apply=\"padding el-a52e46cd\"><div class=\"vce-text-block\"><div class=\"vce-text-block-wrapper vce\" id=\"el-50c32f99\" data-vce-do-apply=\"all el-50c32f99\"><p>Laure Hoffmeyer, Gesch\u00e4ftsleiterin unseres Partnerb\u00fcros <a href=\"https:\/\/versions.ch\/\">Versions Originales<\/a>, ist bei uns verantwortlich f\u00fcr die schriftlichen \u00dcbersetzungen ins Franz\u00f6sische. Sie navigiert ihr Schiff mit ruhiger Hand durch sonnige und st\u00fcrmische Zeiten. Stilsicher beherrschen sie und ihr Team alle Techniken, um die Auftr\u00e4ge unserer Kundinnen und Kunden souver\u00e4n ans andere Ufer \u00fcberzusetzen.<\/p><\/div><\/div><\/div><\/div><\/div><div class=\"vce-col vce-col--xs-100p vce-col--xs-visible vce-col--xs-last vce-col--xs-first vce-col--sm-100p vce-col--sm-visible vce-col--sm-last vce-col--sm-first vce-col--md-auto vce-col--md-visible vce-col--md-last vce-col--lg-auto vce-col--lg-visible vce-col--lg-last vce-col--xl-auto vce-col--xl-visible vce-col--xl-last\" id=\"el-6d4f95e6\"><div class=\"vce-col-inner\" data-vce-do-apply=\"border margin background  el-6d4f95e6\"><div class=\"vce-col-content\" data-vce-element-content=\"true\" data-vce-do-apply=\"padding el-6d4f95e6\"><div class=\"vce-single-image-container vce-single-image--align-left\"><div class=\"vce vce-single-image-wrapper\" id=\"el-345ed0c3\" data-vce-do-apply=\"all el-345ed0c3\"><figure><div class=\"vce-single-image-inner vce-single-image--absolute\" style=\"padding-bottom: 40.2344%; width: 1024px;\"><img class=\"vce-single-image\" width=\"1024\" height=\"412\"src=\"https:\/\/sim-phonie.ch\/wp-content\/uploads\/2020\/07\/image1-1024x412.png\" srcset=\"https:\/\/sim-phonie.ch\/wp-content\/uploads\/2020\/07\/image1-320x129.png 320w,https:\/\/sim-phonie.ch\/wp-content\/uploads\/2020\/07\/image1-480x193.png 480w,https:\/\/sim-phonie.ch\/wp-content\/uploads\/2020\/07\/image1-800x322.png 800w,https:\/\/sim-phonie.ch\/wp-content\/uploads\/2020\/07\/image1-1024x412.png 1024w\" data-img-src=\"https:\/\/sim-phonie.ch\/wp-content\/uploads\/2020\/01\/image1.png\" alt=\"\" title=\"image1\"\/><\/div><\/figure><\/div><\/div><\/div><\/div><\/div><\/div><\/div><\/div><\/div><\/div><\/div><div class=\"vce-col vce-col--md-5p vce-col--xs-1 vce-col--xs-last vce-col--xs-first vce-col--sm-last vce-col--sm-first vce-col--md-last vce-col--lg-last vce-col--xl-last\" id=\"el-f3f69897\"><div class=\"vce-col-inner\" data-vce-do-apply=\"border margin background  el-f3f69897\"><div class=\"vce-col-content\" data-vce-element-content=\"true\" data-vce-do-apply=\"padding el-f3f69897\"><\/div><\/div><\/div><\/div><\/div><\/div><div class=\"vce-row-container\"><div class=\"vce-row vce-row--col-gap-30 vce-row-columns--top vce-row-content--top\" data-vce-full-width=\"true\" data-vce-stretch-content=\"true\" id=\"el-362cef1f\" data-vce-do-apply=\"all el-362cef1f\"><div class=\"vce-content-background-container\"><\/div><div class=\"vce-row-content\" data-vce-element-content=\"true\"><div class=\"vce-col vce-col--md-90p vce-col--xs-1 vce-col--xs-last vce-col--xs-first vce-col--sm-last vce-col--sm-first vce-col--md-first vce-col--lg-first vce-col--xl-first\" id=\"el-9189bc2b\"><div class=\"vce-col-inner\" data-vce-do-apply=\"border margin background  el-9189bc2b\"><div class=\"vce-col-content\" data-vce-element-content=\"true\" data-vce-do-apply=\"padding el-9189bc2b\"><div class=\"vce-row-container\"><div class=\"vce-row vce-row--col-gap-15 vce-row-columns--top vce-row-content--top\" id=\"el-039b5eca\" data-vce-do-apply=\"all el-039b5eca\"><div class=\"vce-content-background-container\"><\/div><div class=\"vce-row-content\" data-vce-element-content=\"true\"><div class=\"vce-col vce-col--xs-100p vce-col--xs-visible vce-col--xs-last vce-col--xs-first vce-col--sm-100p vce-col--sm-visible vce-col--sm-last vce-col--sm-first vce-col--md-10p vce-col--md-visible vce-col--md-first vce-col--lg-10p vce-col--lg-visible vce-col--lg-first vce-col--xl-10p vce-col--xl-visible vce-col--xl-first\" id=\"el-7b21f27f\"><div class=\"vce-col-inner\" data-vce-do-apply=\"border margin background  el-7b21f27f\"><div class=\"vce-col-content\" data-vce-element-content=\"true\" data-vce-do-apply=\"padding el-7b21f27f\"><div class=\"vce-row-container\"><div class=\"vce-row vce-row--col-gap-30 vce-row-columns--top vce-row-content--top\" id=\"el-ab9cec2b\" data-vce-do-apply=\"all el-ab9cec2b\"><div class=\"vce-content-background-container\"><\/div><div class=\"vce-row-content\" data-vce-element-content=\"true\"><div class=\"vce-col vce-col--md-auto vce-col--xs-1 vce-col--xs-last vce-col--xs-first vce-col--sm-last vce-col--sm-first vce-col--md-last vce-col--lg-last vce-col--xl-last vce-col--md-first vce-col--lg-first vce-col--xl-first\" id=\"el-39e669dd\"><div class=\"vce-col-inner\" data-vce-do-apply=\"border margin background  el-39e669dd\"><div class=\"vce-col-content\" data-vce-element-content=\"true\" data-vce-do-apply=\"padding el-39e669dd\"><\/div><\/div><\/div><\/div><\/div><\/div><\/div><\/div><\/div><div class=\"vce-col vce-col--xs-100p vce-col--xs-visible vce-col--xs-last vce-col--xs-first vce-col--sm-100p vce-col--sm-visible vce-col--sm-last vce-col--sm-first vce-col--md-70p vce-col--md-visible vce-col--lg-70p vce-col--lg-visible vce-col--xl-70p vce-col--xl-visible\" id=\"el-ed4aa38f\"><div class=\"vce-col-inner\" data-vce-do-apply=\"border margin background  el-ed4aa38f\"><div class=\"vce-col-content\" data-vce-element-content=\"true\" data-vce-do-apply=\"padding el-ed4aa38f\"><div class=\"vce-text-block\"><div class=\"vce-text-block-wrapper vce\" id=\"el-686f2a8e\" data-vce-do-apply=\"all el-686f2a8e\"><div id=\"el-fda1b1ba\" class=\"vce-col vce-col--xs-100p vce-col--xs-visible vce-col--xs-last vce-col--xs-first vce-col--sm-100p vce-col--sm-visible vce-col--sm-last vce-col--sm-first vce-col--md-10p vce-col--md-visible vce-col--md-first vce-col--lg-10p vce-col--lg-visible vce-col--lg-first vce-col--xl-10p vce-col--xl-visible vce-col--xl-first\"><div class=\"vce-col-inner\" data-vce-do-apply=\"border margin background  el-fda1b1ba\"><div class=\"vce-content-background-container\">&nbsp;<\/div><div class=\"vce-col-content\" data-vce-element-content=\"true\" data-vce-do-apply=\"padding el-fda1b1ba\">&nbsp;<\/div><\/div><\/div><div id=\"el-a775ce43\" class=\"vce-col vce-col--xs-100p vce-col--xs-visible vce-col--xs-last vce-col--xs-first vce-col--sm-100p vce-col--sm-visible vce-col--sm-last vce-col--sm-first vce-col--md-70p vce-col--md-visible vce-col--lg-70p vce-col--lg-visible vce-col--xl-70p vce-col--xl-visible\"><div class=\"vce-col-inner\" data-vce-do-apply=\"border margin background  el-a775ce43\"><div class=\"vce-col-content\" data-vce-element-content=\"true\" data-vce-do-apply=\"padding el-a775ce43\"><div class=\"vce-text-block\"><div id=\"el-23763aa2\" class=\"vce-text-block-wrapper vce\" data-vce-do-apply=\"all el-23763aa2\"><p><span class=\"s1\"><span class=\"smallcap\">sim-phonie<\/span><\/span> Kommunikation GmbH &amp; <a href=\"https:\/\/blackpearlproduction.com\/kompetenzen\/\">BlackPearl Production<\/a> gehen neue Wege.<\/p><p>In Zusammenarbeit mit BlackPearl Production entstand ein spannendes Projekt: Das erste Dolmetsch-Studio in der Schweiz f\u00fcr die Simultan\u00fcbersetzung von virtuellen und hybriden Konferenzen. <br>Hier arbeiten die Simultandolmetscher-innen st\u00f6rungsfrei und voll konzentriert in hellen, schallisolierten Dolmetscherkabinen, ausgestattet mit modernster online-Technik.<\/p><p>Die Teilnehmenden Ihrer Sitzungen und Konferenzen h\u00f6ren den Unterschied und werden es zu sch\u00e4tzen wissen.<\/p><p>F\u00fcr Ihre Sicherheit. Und die Ihrer Daten.<\/p><\/div><\/div><\/div><\/div><\/div><\/div><\/div><\/div><\/div><\/div><div class=\"vce-col vce-col--xs-100p vce-col--xs-visible vce-col--xs-last vce-col--xs-first vce-col--sm-100p vce-col--sm-visible vce-col--sm-last vce-col--sm-first vce-col--md-auto vce-col--md-visible vce-col--md-last vce-col--lg-auto vce-col--lg-visible vce-col--lg-last vce-col--xl-auto vce-col--xl-visible vce-col--xl-last\" id=\"el-ed9fff35\"><div class=\"vce-col-inner\" data-vce-do-apply=\"border margin background  el-ed9fff35\"><div class=\"vce-col-content\" data-vce-element-content=\"true\" data-vce-do-apply=\"padding el-ed9fff35\"><div class=\"vce-single-image-container vce-single-image--align-left\"><div class=\"vce vce-single-image-wrapper\" id=\"el-15a394b5\" data-vce-do-apply=\"all el-15a394b5\"><figure><div class=\"vce-single-image-inner vce-single-image--absolute\" style=\"padding-bottom: 20.9961%; width: 1024px;\"><img class=\"vce-single-image\" width=\"1024\" height=\"215\"src=\"https:\/\/sim-phonie.ch\/wp-content\/uploads\/2020\/07\/Logo-BP-blanc-1024x215.jpg\" srcset=\"https:\/\/sim-phonie.ch\/wp-content\/uploads\/2020\/07\/Logo-BP-blanc-320x67.jpg 320w,https:\/\/sim-phonie.ch\/wp-content\/uploads\/2020\/07\/Logo-BP-blanc-480x101.jpg 480w,https:\/\/sim-phonie.ch\/wp-content\/uploads\/2020\/07\/Logo-BP-blanc-800x168.jpg 800w,https:\/\/sim-phonie.ch\/wp-content\/uploads\/2020\/07\/Logo-BP-blanc-1024x215.jpg 1024w\" data-img-src=\"https:\/\/sim-phonie.ch\/wp-content\/uploads\/2020\/07\/Logo-BP-blanc.jpg\" alt=\"\" title=\"Logo BP blanc\"\/><\/div><\/figure><\/div><\/div><\/div><\/div><\/div><\/div><\/div><\/div><\/div><\/div><\/div><div class=\"vce-col vce-col--md-5p vce-col--xs-1 vce-col--xs-last vce-col--xs-first vce-col--sm-last vce-col--sm-first vce-col--md-last vce-col--lg-last vce-col--xl-last\" id=\"el-23c39b04\"><div class=\"vce-col-inner\" data-vce-do-apply=\"border margin background  el-23c39b04\"><div class=\"vce-col-content\" data-vce-element-content=\"true\" data-vce-do-apply=\"padding el-23c39b04\"><\/div><\/div><\/div><\/div><\/div><\/div><div class=\"vce-row-container\"><div class=\"vce-row vce-element--has-background vce-row--col-gap-0 vce-row-columns--top vce-row-content--top\" data-vce-full-width=\"true\" data-vce-stretch-content=\"true\" id=\"el-384982ae\" data-vce-do-apply=\"all el-384982ae\"><div class=\"vce-content-background-container\"><\/div><div class=\"vce-row-content\" data-vce-element-content=\"true\"><div class=\"vce-col vce-col--md-10p vce-col--xs-1 vce-col--xs-last vce-col--xs-first vce-col--sm-last vce-col--sm-first vce-col--md-first vce-col--lg-first vce-col--xl-first\" id=\"el-5c619066\"><div class=\"vce-col-inner\" data-vce-do-apply=\"border margin background  el-5c619066\"><div class=\"vce-col-content\" data-vce-element-content=\"true\" data-vce-do-apply=\"padding el-5c619066\"><\/div><\/div><\/div><div class=\"vce-col vce-col--md-80p vce-col--xs-1 vce-col--xs-last vce-col--xs-first vce-col--sm-last vce-col--sm-first vce-col--md-last vce-col--lg-last vce-col--xl-last\" id=\"el-869bfafa\"><div class=\"vce-col-inner\" data-vce-do-apply=\"border margin background  el-869bfafa\"><div class=\"vce-col-content\" data-vce-element-content=\"true\" data-vce-do-apply=\"padding el-869bfafa\"><div class=\"vce-row-container\"><div class=\"vce-row vce-row--col-gap-30 vce-row-columns--top vce-row-content--top\" id=\"el-ed6b2519\" data-vce-do-apply=\"all el-ed6b2519\"><div class=\"vce-content-background-container\"><\/div><div class=\"vce-row-content\" data-vce-element-content=\"true\"><div class=\"vce-col vce-col--md-33-33p vce-col--xs-1 vce-col--xs-last vce-col--xs-first vce-col--sm-last vce-col--sm-first vce-col--md-first vce-col--lg-first vce-col--xl-first\" id=\"el-ab64b44c\"><div class=\"vce-col-inner\" data-vce-do-apply=\"border margin background  el-ab64b44c\"><div class=\"vce-col-content\" data-vce-element-content=\"true\" data-vce-do-apply=\"padding el-ab64b44c\"><div class=\"vce-google-fonts-heading vce-google-fonts-heading--align-left vce-google-fonts-heading--color-b-41-37-118--45--5C00FF--FF7200 vce-google-fonts-heading--font-family-Roboto\"><div class=\"vce-google-fonts-heading-wrapper\"><div class=\"vce-google-fonts-heading--background vce\" id=\"el-d75734ee\" data-vce-do-apply=\"border background  padding margin el-d75734ee\"><h3 class=\"vce-google-fonts-heading-inner\" style=\"font-size: 30px; font-weight: 400;\">Business philosophy<\/h3><\/div><\/div><\/div><\/div><\/div><\/div><div class=\"vce-col vce-col--md-66-33p vce-col--xs-1 vce-col--xs-last vce-col--xs-first vce-col--sm-last vce-col--sm-first vce-col--md-last vce-col--lg-last vce-col--xl-last\" id=\"el-51d6086f\"><div class=\"vce-col-inner\" data-vce-do-apply=\"border margin background  el-51d6086f\"><div class=\"vce-col-content\" data-vce-element-content=\"true\" data-vce-do-apply=\"padding el-51d6086f\"><div class=\"vce-text-block\"><div class=\"vce-text-block-wrapper vce\" id=\"el-aa3e4bce\" data-vce-do-apply=\"all el-aa3e4bce\"><p class=\"p1\"><span class=\"s1\">I attach great importance to personal contact and trust as well as precision and security.<\/span><\/p><p class=\"p1\"><span class=\"s1\">At <\/span><span class=\"s2\"><span class=\"smallcap\">sim-phonie<\/span><\/span><span class=\"s1\">, <\/span><span class=\"s1\">we work according to the principle of collegiality and of course pay our staff the same rates for the same work irrespective of any other factors.<\/span><\/p><p class=\"p1\"><span class=\"s1\"><i>For quality<\/i><\/span><span class=\"s1\">, <\/span><span class=\"s1\">this means that I can be sure of the qualifications, reliability, trustworthiness and motivation of my colleagues and can invariably deploy the most suitable specialists.<\/span><\/p><p class=\"p1\"><span class=\"s1\"><i>For you<\/i><\/span><span class=\"s1\">, <\/span><span class=\"s1\">this means that you can rely on consistently high-quality services and motivated staff, pay the best possible price for an optimal service and count on us at all times. We charge no agency fees.<\/span><\/p><p class=\"p1\"><span class=\"s1\">However, being really good is sometimes no longer good enough: it is for this reason that I work on the Board of the Swiss professional association ASTTI and also dedicate myself to promoting the development of young prospective translators and interpreters.<\/span><\/p><p class=\"p1\"><span class=\"s1\">For my own satisfaction.<br><\/span><span class=\"s1\">For the best possible results.<br><\/span><span class=\"s1\">For everyone who reads or listens to our work every day.<\/span><\/p><p><strong> Would you like to know how this could work for you and what it might cost? Get in touch! &nbsp;<\/strong><\/p><\/div><\/div><div class=\"vce-button--style-basic-container vce-button--style-basic-container--align-left\"><span class=\"vce-button--style-basic-wrapper vce\" id=\"el-6dbf3f99\" data-vce-do-apply=\"margin el-6dbf3f99\"><a class=\"vce-button--style-basic vce-button--style-basic--border-square vce-button--style-basic--size-medium vce-button--style-basic--color-b-41-37-118--fff vce-button--style-basic--hover-color-ba-41-37-118-0-8--fff\" href=\"https:\/\/sim-phonie.ch\/en\/rates-and-contact\/\" title=\"\" data-vce-do-apply=\"padding border background  el-6dbf3f99\">Contact us<\/a><\/span><\/div><\/div><\/div><\/div><\/div><\/div><\/div><\/div><\/div><\/div><\/div><\/div><\/div>\n","protected":false},"excerpt":{"rendered":"<p>About us Sabine Nonhebel , a trained simultaneous interpreter and translator herself, is the head of sim-phonie and, together with her team, she provides the interpretation of conferences and meetings, the translation of documents and the provision of communication and presentation training. In doing so, she works together with a network of expert colleagues who [&hellip;]<\/p>\n","protected":false},"author":1,"featured_media":0,"parent":0,"menu_order":0,"comment_status":"closed","ping_status":"closed","template":"fullwidth.php","meta":{"footnotes":""},"class_list":["post-804","page","type-page","status-publish","hentry"],"_links":{"self":[{"href":"https:\/\/sim-phonie.ch\/en\/wp-json\/wp\/v2\/pages\/804"}],"collection":[{"href":"https:\/\/sim-phonie.ch\/en\/wp-json\/wp\/v2\/pages"}],"about":[{"href":"https:\/\/sim-phonie.ch\/en\/wp-json\/wp\/v2\/types\/page"}],"author":[{"embeddable":true,"href":"https:\/\/sim-phonie.ch\/en\/wp-json\/wp\/v2\/users\/1"}],"replies":[{"embeddable":true,"href":"https:\/\/sim-phonie.ch\/en\/wp-json\/wp\/v2\/comments?post=804"}],"version-history":[{"count":9,"href":"https:\/\/sim-phonie.ch\/en\/wp-json\/wp\/v2\/pages\/804\/revisions"}],"predecessor-version":[{"id":1275,"href":"https:\/\/sim-phonie.ch\/en\/wp-json\/wp\/v2\/pages\/804\/revisions\/1275"}],"wp:attachment":[{"href":"https:\/\/sim-phonie.ch\/en\/wp-json\/wp\/v2\/media?parent=804"}],"curies":[{"name":"wp","href":"https:\/\/api.w.org\/{rel}","templated":true}]}}