{"id":860,"date":"2019-07-10T10:32:35","date_gmt":"2019-07-10T08:32:35","guid":{"rendered":"https:\/\/sim-phonie.ch\/domaines-de-specialisation\/"},"modified":"2019-12-17T00:04:37","modified_gmt":"2019-12-16T23:04:37","slug":"areas-of-expertise","status":"publish","type":"page","link":"https:\/\/sim-phonie.ch\/en\/areas-of-expertise\/","title":{"rendered":"Areas of expertise"},"content":{"rendered":"<div class=\"vce-row-container\"><div class=\"vce-row vce-element--has-background vce-row--col-gap-30 banner vce-row-columns--top vce-row-content--top\" data-vce-full-width=\"true\" data-vce-stretch-content=\"true\" id=\"el-22bb457a\" data-vce-do-apply=\"all el-22bb457a\"><div class=\"vce-content-background-container\"><div class=\"vce-asset-parallax-container vce-visible-all-only\" data-vce-assets-parallax=\".vce-asset-parallax\" data-vce-assets-parallax-reverse=\"1\"><div class=\"vce-asset-parallax\" style=\"top: -30vh; bottom: -30vh; transform: translateY(30vh);\"><div class=\"vce-asset-background-simple-container vce-visible-all-only vce-asset-background-simple--style-cover vce-asset-background-simple--position-center-center\"><div class=\"vce-asset-background-simple\"><div class=\"vce-asset-background-simple-item\" style=\"background-image: url('https:\/\/sim-phonie.ch\/wp-content\/uploads\/2019\/09\/2-Dolmetschen-ist-Teamarbeit-NEF-p-1.jpg');\"><\/div><\/div><\/div><\/div><\/div><\/div><div class=\"vce-row-content\" data-vce-element-content=\"true\"><div class=\"vce-col vce-col--md-auto vce-col--xs-1 vce-col--xs-last vce-col--xs-first vce-col--sm-last vce-col--sm-first vce-col--md-last vce-col--lg-last vce-col--xl-last vce-col--md-first vce-col--lg-first vce-col--xl-first\" id=\"el-fab56e94\"><div class=\"vce-col-inner\" data-vce-do-apply=\"border margin background  el-fab56e94\"><div class=\"vce-col-content\" data-vce-element-content=\"true\" data-vce-do-apply=\"padding el-fab56e94\"><div class=\"vce-text-block\"><div class=\"vce-text-block-wrapper vce\" id=\"el-f77074ec\" data-vce-do-apply=\"all el-f77074ec\"><h1 style=\"text-align: right;\"><i class=\"fas fa-layer-group\"><\/i>&nbsp;Areas of expertise<\/h1><\/div><\/div><\/div><\/div><\/div><\/div><\/div><\/div><div class=\"vce-row-container\"><div class=\"vce-row vce-row--col-gap-30 vce-row-columns--top vce-row-content--top\" data-vce-full-width=\"true\" data-vce-stretch-content=\"true\" id=\"el-08e9750c\" data-vce-do-apply=\"all el-08e9750c\"><div class=\"vce-content-background-container\"><\/div><div class=\"vce-row-content\" data-vce-element-content=\"true\"><div class=\"vce-col vce-col--md-90p vce-col--xs-1 vce-col--xs-last vce-col--xs-first vce-col--sm-last vce-col--sm-first vce-col--md-first vce-col--lg-first vce-col--xl-first\" id=\"el-ddb8d097\"><div class=\"vce-col-inner\" data-vce-do-apply=\"border margin background  el-ddb8d097\"><div class=\"vce-col-content\" data-vce-element-content=\"true\" data-vce-do-apply=\"padding el-ddb8d097\"><div class=\"vce-row-container\"><div class=\"vce-row vce-row--col-gap-15 vce-row-columns--top vce-row-content--top\" id=\"el-5d6e98ff\" data-vce-do-apply=\"all el-5d6e98ff\"><div class=\"vce-content-background-container\"><\/div><div class=\"vce-row-content\" data-vce-element-content=\"true\"><div class=\"vce-col vce-col--xs-100p vce-col--xs-visible vce-col--xs-last vce-col--xs-first vce-col--sm-100p vce-col--sm-visible vce-col--sm-last vce-col--sm-first vce-col--md-10p vce-col--md-visible vce-col--md-first vce-col--lg-10p vce-col--lg-visible vce-col--lg-first vce-col--xl-10p vce-col--xl-visible vce-col--xl-first\" id=\"el-c10e2deb\"><div class=\"vce-col-inner\" data-vce-do-apply=\"border margin background  el-c10e2deb\"><div class=\"vce-col-content\" data-vce-element-content=\"true\" data-vce-do-apply=\"padding el-c10e2deb\"><\/div><\/div><\/div><div class=\"vce-col vce-col--xs-100p vce-col--xs-visible vce-col--xs-last vce-col--xs-first vce-col--sm-100p vce-col--sm-visible vce-col--sm-last vce-col--sm-first vce-col--md-70p vce-col--md-visible vce-col--lg-70p vce-col--lg-visible vce-col--xl-70p vce-col--xl-visible\" id=\"el-c2058067\"><div class=\"vce-col-inner\" data-vce-do-apply=\"border margin background  el-c2058067\"><div class=\"vce-col-content\" data-vce-element-content=\"true\" data-vce-do-apply=\"padding el-c2058067\"><div class=\"vce-row-container\"><div class=\"vce-row vce-row--col-gap-30 vce-row-columns--top vce-row-content--top\" id=\"el-630035b4\" data-vce-do-apply=\"all el-630035b4\"><div class=\"vce-content-background-container\"><\/div><div class=\"vce-row-content\" data-vce-element-content=\"true\"><div class=\"vce-col vce-col--md-auto vce-col--xs-1 vce-col--xs-last vce-col--xs-first vce-col--sm-last vce-col--sm-first vce-col--md-last vce-col--lg-last vce-col--xl-last vce-col--md-first vce-col--lg-first vce-col--xl-first\" id=\"el-8ff89e8f\"><div class=\"vce-col-inner\" data-vce-do-apply=\"border margin background  el-8ff89e8f\"><div class=\"vce-col-content\" data-vce-element-content=\"true\" data-vce-do-apply=\"padding el-8ff89e8f\"><div class=\"vce-text-block\"><div class=\"vce-text-block-wrapper vce\" id=\"el-428f68c6\" data-vce-do-apply=\"all el-428f68c6\"><p>Sometimes intepreters must also be able to keep quiet.<\/p><p>Discretion is an essential quality. All order details and information of my customers will thus be treated with utmost discretion \u2013 yours as well. For this reason, no details of clients or events are given here. However, the following list gives you an overview of the specialist areas in which we have been successfully active over the last ten years (in alphabetical order):<\/p><\/div><\/div><\/div><\/div><\/div><\/div><\/div><\/div><\/div><\/div><\/div><div class=\"vce-col vce-col--xs-100p vce-col--xs-visible vce-col--xs-last vce-col--xs-first vce-col--sm-100p vce-col--sm-visible vce-col--sm-last vce-col--sm-first vce-col--md-auto vce-col--md-visible vce-col--md-last vce-col--lg-auto vce-col--lg-visible vce-col--lg-last vce-col--xl-auto vce-col--xl-visible vce-col--xl-last\" id=\"el-06ed2ff3\"><div class=\"vce-col-inner\" data-vce-do-apply=\"border margin background  el-06ed2ff3\"><div class=\"vce-col-content\" data-vce-element-content=\"true\" data-vce-do-apply=\"padding el-06ed2ff3\"><\/div><\/div><\/div><\/div><\/div><\/div><\/div><\/div><\/div><div class=\"vce-col vce-col--md-5p vce-col--xs-1 vce-col--xs-last vce-col--xs-first vce-col--sm-last vce-col--sm-first vce-col--md-last vce-col--lg-last vce-col--xl-last\" id=\"el-7e3a59e8\"><div class=\"vce-col-inner\" data-vce-do-apply=\"border margin background  el-7e3a59e8\"><div class=\"vce-col-content\" data-vce-element-content=\"true\" data-vce-do-apply=\"padding el-7e3a59e8\"><\/div><\/div><\/div><\/div><\/div><\/div><div class=\"vce-row-container\"><div class=\"vce-row vce-element--has-background vce-row--col-gap-15 vce-row-columns--top vce-row-content--top\" data-vce-full-width=\"true\" data-vce-stretch-content=\"true\" id=\"el-06f85b1f\" data-vce-do-apply=\"all el-06f85b1f\"><div class=\"vce-content-background-container\"><\/div><div class=\"vce-row-content\" data-vce-element-content=\"true\"><div class=\"vce-col vce-col--md-10p vce-col--xs-1 vce-col--xs-last vce-col--xs-first vce-col--sm-last vce-col--sm-first vce-col--md-first vce-col--lg-first vce-col--xl-first\" id=\"el-baf757fb\"><div class=\"vce-col-inner\" data-vce-do-apply=\"border margin background  el-baf757fb\"><div class=\"vce-col-content\" data-vce-element-content=\"true\" data-vce-do-apply=\"padding el-baf757fb\"><\/div><\/div><\/div><div class=\"vce-col vce-col--md-60p vce-col--xs-1 vce-col--xs-last vce-col--xs-first vce-col--sm-last vce-col--sm-first\" id=\"el-c8138a46\"><div class=\"vce-col-inner\" data-vce-do-apply=\"border margin background  el-c8138a46\"><div class=\"vce-col-content\" data-vce-element-content=\"true\" data-vce-do-apply=\"padding el-c8138a46\"><div class=\"vce-text-block\"><div class=\"vce-text-block-wrapper vce\" id=\"el-08e3cfb9\" data-vce-do-apply=\"all el-08e3cfb9\"><h2>Areas of expertise<\/h2><h5>Agriculture | Food<\/h5><p>Purchasing | negociations :: Horticulture | plants :: Food technology :: Logistics :: Fairs &amp; exhibitions :: Quality assurance<br>:: Factory tours<\/p><h5>Architecture | Engineering<\/h5><p>Landscaping :: Building construction and civil engineering :: Interior design :: Regional development :: Urban development :: Hydraulic engineering<\/p><h5>Associations | Industry federations<\/h5><p>Due to the large number of clubs and associations for which we work regularly, as well as the large number of different specialist areas in which they are active, no detailed list is provided here.<\/p><h5>Automotive industry<\/h5><p>Dealer conferences :: Trade fairs and exhibitions :: Technical training<\/p><h5>Banks | Finances | Assurances<\/h5><p>Annual General Meetings | Shareholders' Meetings :: Annual kick-off meetings | Year-end-conferences :: Congresses :: Employee information meetings and training :: Press conferences :: Trainings<\/p><h5>Energy<\/h5><p>We regularly work with key players in the energy sector: Federal offices, major energy associations and energy supply companies have placed their trust in us for many years. Whether it's at large conferences, in specialist retreats or workshops - we provide you with pure energy!<\/p><p class=\"p1\"><span class=\"s1\">These include, among others:<br><\/span><a href=\"https:\/\/www.bfe.admin.ch\/bfe\/en\/home.html\">BFE<\/a> :: <a href=\"https:\/\/www.elcom.admin.ch\/elcom\/en\/home.html\">ElCom <\/a> :: <a href=\"https:\/\/solarimpulse.com\/\" target=\"blank\" rel=\"noopener noreferrer\">SolarImpulse<\/a> :: <a href=\"https:\/\/www.stadtwerkekongress.ch\/de\/home\/\">Stadtwerkekongress<\/a> :: <a href=\"www.stromkongress.ch\/home.html\" target=\"blank\" rel=\"noopener noreferrer\">Stromkongress<\/a> :: <a href=\"https:\/\/swisspower.ch\/\" target=\"blank\" rel=\"noopener noreferrer\">Swisspower<\/a> :: <a href=\"https:\/\/www.strom.ch\/de\" target=\"blank\" rel=\"noopener noreferrer\">VSE<\/a><\/p><h5>Fine arts | movies, TV &amp; radio<\/h5><p>B\u00e4nz, Friedli :: Bercot, Emmanuelle &amp; Schiffmann, Nemo :: Boudali, Tarek :: Bruel, Patrick :: Bruni Tedeschi, Val\u00e9rie :: Fernsehreportage (deutsches Fernsehen, WDR) :: <a href=\"https:\/\/www.fffh.ch\/de\/\" target=\"blank\" rel=\"noopener noreferrer\">FFFH -&nbsp;Festival du Film Fran\u00e7ais d'Helv\u00e9tie <\/a> :: Garrel, Louis &amp; Esther :: Lapp, Patrick :: Lenz, Pedro :: Malle, Justine :: Mari\u00e9, Nicholas <span class=\"s1\">:: Mathis, Annina<\/span> :: Melgar, Fernand :: Merad, Kad :: Oberli, Bettina :: Poelvoorde, Beno\u00eet :: Sch\u00e4r, Berni :: S\u00e9gu\u00e9la, Tristan<span class=\"s1\">&nbsp;:: Vetsch, Mona<\/span><\/p><h5>Government authorities<\/h5><p>Numerous cantonal and federal authorities regularly place their trust in us. Currently we mainly work in the following areas (in alphabetical order):<\/p><p>Labour market :: Construction (roads, hydraulic structures, environment) :: Fire protextion | fire prevention :: Energy :: Community policy :: Health :: Domestic affairs | foreign affairs :: Justice and law enforcement :: Politics (cantonal parliaments) :: Police | forensic science :: Defense :: Economy :: Civil protection<\/p><h5>Health&nbsp;| Pharmaceutical industry | Medical science<\/h5><p>Medical Associations (general assemblies, strategy meetings, etc.) :: Nutrition :: Genetics :: Gerontology&nbsp;&amp; child psychiatry :: Health policy :: Onkology<\/p><h5>Justice | Penitentiary | criminalistics&nbsp; &amp; criminology<\/h5><p>Numerous institutions and actors in the field of justice and the penal system can rely on us to treat their highly sensitive information in a professional and strictly confidential manner.<\/p><p>These include, among others:<br><a href=\"https:\/\/www.bundesanwaltschaft.ch\/mpc\/en\/home.html\">Office of the Attorney General of Switzerland<\/a> :: <a href=\"https:\/\/www.bstger.ch\/en\/home\/index\">Federal Criminal Court <\/a> :: <a href=\"https:\/\/www.skjv.ch\/en\">Swiss Centre of Expertise in Prison and Probation <\/a> :: <a href=\"https:\/\/www.institut-police.ch\/\" target=\"blank\" rel=\"noopener noreferrer\">Swiss Police Institute<\/a><\/p><h5>Personalities | Office bearers<\/h5><p>Ban, Shigeru :: Berset, Alain :: Burkhalter, Didier :: Couchepin, Pascal :: Friedmann, Michel :: Genscher, Hans-Dietrich :: Giscard D'Estaing, Val\u00e9ry :: Keller-Sutter, Karin :: Lehmann, Karl Kardinal :: Leuthard, Doris :: Maurer, Ueli :: Nicollier, Claude :: Ogi, Adolf :: Piccard, Bertrand :: Sch\u00e4uble, Wolfgang :: Sommaruga, Simonetta :: Tsch\u00e4pp\u00e4t, Alexander :: Etc.<\/p><h5>Politics<\/h5><p>Old-Age&nbsp;Policy :: Labour market :: Civil protection :: Demographic trends :: Speeches | festivities :: Community policies :: Health :: Youth :: Migration :: Social affairs :: Sports :: Terrorism :: Negotiations by the social partners :: Transport :: World heritage :: Etc.<\/p><h5>Technology<\/h5><p>Railway technology :: Fire protection | fire prevention | natural hazard prevention :: Airport technology :: Building construction &amp; civil engineering :: Mechanical eingineering :: Surveillance :: Transportation :: Hydraulic engineering :: Winter&nbsp;maintenance service<\/p><h5>Trade &amp; commerce<\/h5><p>Annual General Meetings | Shareholders' Meetings :: Meetings - Management, Boards of Directors, Boards of Administration :: Conferences &amp; congresses :: Negociations<\/p><h5>Trainings<\/h5><p>Management and operational communications systems :: Technical installations | Technical equipment :: IT-training :: Marketing :: Motivational training :: People management | Human resources :: Penal system | Police training | Crime control (organised crime, terrorism) :: Strategic&nbsp;reorientation :: Change management :: Sales :: Etc.<\/p><h5>Transport &amp; Mobility<\/h5><p>Rail | road | shipping industry :: Non-motorized traffic :: Logistics<\/p><\/div><\/div><\/div><\/div><\/div><div class=\"vce-col vce-col--md-20p vce-col--xs-1 vce-col--xs-last vce-col--xs-first vce-col--sm-last vce-col--sm-first vce-col--md-last vce-col--lg-last vce-col--xl-last\" id=\"el-8bcf3d34\"><div class=\"vce-col-inner\" data-vce-do-apply=\"border margin background  el-8bcf3d34\"><div class=\"vce-col-content\" data-vce-element-content=\"true\" data-vce-do-apply=\"padding el-8bcf3d34\"><\/div><\/div><\/div><\/div><\/div><\/div>\n","protected":false},"excerpt":{"rendered":"<p>&nbsp;Areas of expertiseSometimes intepreters must also be able to keep quiet.Discretion is an essential quality. All order details and information of my customers will thus be treated with utmost discretion \u2013 yours as well. For this reason, no details of clients or events are given here. However, the following list gives you an overview of [&hellip;]<\/p>\n","protected":false},"author":1,"featured_media":0,"parent":0,"menu_order":0,"comment_status":"closed","ping_status":"closed","template":"fullwidth.php","meta":{"footnotes":""},"class_list":["post-860","page","type-page","status-publish","hentry"],"_links":{"self":[{"href":"https:\/\/sim-phonie.ch\/en\/wp-json\/wp\/v2\/pages\/860"}],"collection":[{"href":"https:\/\/sim-phonie.ch\/en\/wp-json\/wp\/v2\/pages"}],"about":[{"href":"https:\/\/sim-phonie.ch\/en\/wp-json\/wp\/v2\/types\/page"}],"author":[{"embeddable":true,"href":"https:\/\/sim-phonie.ch\/en\/wp-json\/wp\/v2\/users\/1"}],"replies":[{"embeddable":true,"href":"https:\/\/sim-phonie.ch\/en\/wp-json\/wp\/v2\/comments?post=860"}],"version-history":[{"count":23,"href":"https:\/\/sim-phonie.ch\/en\/wp-json\/wp\/v2\/pages\/860\/revisions"}],"predecessor-version":[{"id":1122,"href":"https:\/\/sim-phonie.ch\/en\/wp-json\/wp\/v2\/pages\/860\/revisions\/1122"}],"wp:attachment":[{"href":"https:\/\/sim-phonie.ch\/en\/wp-json\/wp\/v2\/media?parent=860"}],"curies":[{"name":"wp","href":"https:\/\/api.w.org\/{rel}","templated":true}]}}