{"id":126,"date":"2019-07-10T10:30:35","date_gmt":"2019-07-10T08:30:35","guid":{"rendered":"https:\/\/sim-phonie.ch\/?page_id=126"},"modified":"2020-01-06T21:32:31","modified_gmt":"2020-01-06T20:32:31","slug":"traduction","status":"publish","type":"page","link":"https:\/\/sim-phonie.ch\/fr\/traduction\/","title":{"rendered":"Traduction"},"content":{"rendered":"<div class=\"vce-row-container\"><div class=\"vce-row vce-element--has-background vce-row--col-gap-30 banner vce-row-columns--top vce-row-content--top\" data-vce-full-width=\"true\" data-vce-stretch-content=\"true\" id=\"el-b7092feb\" data-vce-do-apply=\"all el-b7092feb\"><div class=\"vce-content-background-container\"><div class=\"vce-asset-parallax-container vce-visible-all-only\" data-vce-assets-parallax=\".vce-asset-parallax\" data-vce-assets-parallax-reverse=\"true\"><div class=\"vce-asset-parallax\" style=\"top: -30vh; bottom: -30vh; transform: translateY(-30vh);\"><div class=\"vce-asset-background-simple-container vce-visible-all-only vce-asset-background-simple--style-cover vce-asset-background-simple--position-center-center\"><div class=\"vce-asset-background-simple\"><div class=\"vce-asset-background-simple-item\" style=\"background-image: url('https:\/\/sim-phonie.ch\/wp-content\/uploads\/2019\/10\/AdobeStock_175841229.jpg');\"><\/div><\/div><\/div><\/div><\/div><\/div><div class=\"vce-row-content\" data-vce-element-content=\"true\"><div class=\"vce-col vce-col--md-auto vce-col--xs-1 vce-col--xs-last vce-col--xs-first vce-col--sm-last vce-col--sm-first vce-col--md-last vce-col--lg-last vce-col--xl-last vce-col--md-first vce-col--lg-first vce-col--xl-first\" id=\"el-122c113c\"><div class=\"vce-col-inner\" data-vce-do-apply=\"border margin background  el-122c113c\"><div class=\"vce-col-content\" data-vce-element-content=\"true\" data-vce-do-apply=\"padding el-122c113c\"><div class=\"vce-text-block\"><div class=\"vce-text-block-wrapper vce\" id=\"el-1e7ed219\" data-vce-do-apply=\"all el-1e7ed219\"><h1 style=\"text-align: right;\"><i class=\"far fa-copy\"><\/i> La traduction&nbsp;:: <br>l\u2019art d\u2019\u00e9crire juste<\/h1><\/div><\/div><\/div><\/div><\/div><\/div><\/div><\/div><div class=\"vce-row-container\"><div class=\"vce-row vce-row--col-gap-30 vce-row-columns--top vce-row-content--top\" data-vce-full-width=\"true\" data-vce-stretch-content=\"true\" id=\"el-128536e7\" data-vce-do-apply=\"all el-128536e7\"><div class=\"vce-content-background-container\"><\/div><div class=\"vce-row-content\" data-vce-element-content=\"true\"><div class=\"vce-col vce-col--md-90p vce-col--xs-1 vce-col--xs-last vce-col--xs-first vce-col--sm-last vce-col--sm-first vce-col--md-first vce-col--lg-first vce-col--xl-first\" id=\"el-fac6a509\"><div class=\"vce-col-inner\" data-vce-do-apply=\"border margin background  el-fac6a509\"><div class=\"vce-col-content\" data-vce-element-content=\"true\" data-vce-do-apply=\"padding el-fac6a509\"><div class=\"vce-row-container\"><div class=\"vce-row vce-row--col-gap-15 vce-row-columns--top vce-row-content--top\" id=\"el-3dd57753\" data-vce-do-apply=\"all el-3dd57753\"><div class=\"vce-content-background-container\"><\/div><div class=\"vce-row-content\" data-vce-element-content=\"true\"><div class=\"vce-col vce-col--xs-100p vce-col--xs-visible vce-col--xs-last vce-col--xs-first vce-col--sm-100p vce-col--sm-visible vce-col--sm-last vce-col--sm-first vce-col--md-10p vce-col--md-visible vce-col--md-first vce-col--lg-10p vce-col--lg-visible vce-col--lg-first vce-col--xl-10p vce-col--xl-visible vce-col--xl-first\" id=\"el-7153992b\"><div class=\"vce-col-inner\" data-vce-do-apply=\"border margin background  el-7153992b\"><div class=\"vce-col-content\" data-vce-element-content=\"true\" data-vce-do-apply=\"padding el-7153992b\"><div class=\"vce-row-container\"><div class=\"vce-row vce-row--col-gap-30 vce-row-columns--top vce-row-content--top\" id=\"el-53a3e2a8\" data-vce-do-apply=\"all el-53a3e2a8\"><div class=\"vce-content-background-container\"><\/div><div class=\"vce-row-content\" data-vce-element-content=\"true\"><div class=\"vce-col vce-col--md-auto vce-col--xs-1 vce-col--xs-last vce-col--xs-first vce-col--sm-last vce-col--sm-first vce-col--md-last vce-col--lg-last vce-col--xl-last vce-col--md-first vce-col--lg-first vce-col--xl-first\" id=\"el-b7c96e45\"><div class=\"vce-col-inner\" data-vce-do-apply=\"border margin background  el-b7c96e45\"><div class=\"vce-col-content\" data-vce-element-content=\"true\" data-vce-do-apply=\"padding el-b7c96e45\"><\/div><\/div><\/div><\/div><\/div><\/div><\/div><\/div><\/div><div class=\"vce-col vce-col--xs-100p vce-col--xs-visible vce-col--xs-last vce-col--xs-first vce-col--sm-100p vce-col--sm-visible vce-col--sm-last vce-col--sm-first vce-col--md-70p vce-col--md-visible vce-col--lg-70p vce-col--lg-visible vce-col--xl-70p vce-col--xl-visible\" id=\"el-960ab4a6\"><div class=\"vce-col-inner\" data-vce-do-apply=\"border margin background  el-960ab4a6\"><div class=\"vce-col-content\" data-vce-element-content=\"true\" data-vce-do-apply=\"padding el-960ab4a6\"><div class=\"vce-text-block\"><div class=\"vce-text-block-wrapper vce\" id=\"el-0f50bce4\" data-vce-do-apply=\"all el-0f50bce4\"><blockquote><p class=\"p1\" style=\"text-align: left;\"><span class=\"s1\"><strong>TROUVER LES BONS MOTS.<\/strong> POUR LE BON PUBLIC.<br><\/span><span class=\"s1\">C\u2019est ce que nous faisons. <strong>R\u00e9solument<\/strong>.<\/span><\/p><\/blockquote><\/div><\/div><div class=\"vce-text-block\"><div class=\"vce-text-block-wrapper vce\" id=\"el-cc2eef76\" data-vce-do-apply=\"all el-cc2eef76\"><p class=\"p1\"><span class=\"s1\"><b>Des r\u00e9sultats qui attirent l'oeil.<\/b><\/span><\/p><p class=\"p1\"><span class=\"s1\">La traduction est l\u2019adaptation d\u2019un texte <i>\u00e9crit<\/i> dans une autre langue.<\/span><\/p><p class=\"p1\"><span class=\"s1\">Ce n\u2019est pas une simple question de mots, mais aussi de message, car la traduction a pour but de transposer les id\u00e9es et aussi les sentiments exprim\u00e9s dans le texte d\u2019origine. Les bonnes traductions expriment l\u2019entre-les-lignes et prennent en compte la culture et la mentalit\u00e9 du public cible. Pour un r\u00e9sultat r\u00e9solument pertinent.<\/span><\/p><\/div><\/div><\/div><\/div><\/div><div class=\"vce-col vce-col--xs-100p vce-col--xs-visible vce-col--xs-last vce-col--xs-first vce-col--sm-100p vce-col--sm-visible vce-col--sm-last vce-col--sm-first vce-col--md-auto vce-col--md-visible vce-col--md-last vce-col--lg-auto vce-col--lg-visible vce-col--lg-last vce-col--xl-auto vce-col--xl-visible vce-col--xl-last\" id=\"el-038a68ed\"><div class=\"vce-col-inner\" data-vce-do-apply=\"border margin background  el-038a68ed\"><div class=\"vce-col-content\" data-vce-element-content=\"true\" data-vce-do-apply=\"padding el-038a68ed\"><\/div><\/div><\/div><\/div><\/div><\/div><\/div><\/div><\/div><div class=\"vce-col vce-col--md-5p vce-col--xs-1 vce-col--xs-last vce-col--xs-first vce-col--sm-last vce-col--sm-first vce-col--md-last vce-col--lg-last vce-col--xl-last\" id=\"el-46b3a52e\"><div class=\"vce-col-inner\" data-vce-do-apply=\"border margin background  el-46b3a52e\"><div class=\"vce-col-content\" data-vce-element-content=\"true\" data-vce-do-apply=\"padding el-46b3a52e\"><\/div><\/div><\/div><\/div><\/div><\/div><div class=\"vce-row-container\"><div class=\"vce-row vce-element--has-background vce-row--col-gap-0 vce-row-columns--top vce-row-content--top\" data-vce-full-width=\"true\" data-vce-stretch-content=\"true\" id=\"el-384982ae\" data-vce-do-apply=\"all el-384982ae\"><div class=\"vce-content-background-container\"><\/div><div class=\"vce-row-content\" data-vce-element-content=\"true\"><div class=\"vce-col vce-col--md-10p vce-col--xs-1 vce-col--xs-last vce-col--xs-first vce-col--sm-last vce-col--sm-first vce-col--md-first vce-col--lg-first vce-col--xl-first\" id=\"el-5c619066\"><div class=\"vce-col-inner\" data-vce-do-apply=\"border margin background  el-5c619066\"><div class=\"vce-col-content\" data-vce-element-content=\"true\" data-vce-do-apply=\"padding el-5c619066\"><\/div><\/div><\/div><div class=\"vce-col vce-col--md-80p vce-col--xs-1 vce-col--xs-last vce-col--xs-first vce-col--sm-last vce-col--sm-first vce-col--md-last vce-col--lg-last vce-col--xl-last\" id=\"el-869bfafa\"><div class=\"vce-col-inner\" data-vce-do-apply=\"border margin background  el-869bfafa\"><div class=\"vce-col-content\" data-vce-element-content=\"true\" data-vce-do-apply=\"padding el-869bfafa\"><div class=\"vce-row-container\"><div class=\"vce-row vce-row--col-gap-30 vce-row-columns--top vce-row-content--top\" id=\"el-ed6b2519\" data-vce-do-apply=\"all el-ed6b2519\"><div class=\"vce-content-background-container\"><\/div><div class=\"vce-row-content\" data-vce-element-content=\"true\"><div class=\"vce-col vce-col--md-33-33p vce-col--xs-1 vce-col--xs-last vce-col--xs-first vce-col--sm-last vce-col--sm-first vce-col--md-first vce-col--lg-first vce-col--xl-first\" id=\"el-ab64b44c\"><div class=\"vce-col-inner\" data-vce-do-apply=\"border margin background  el-ab64b44c\"><div class=\"vce-col-content\" data-vce-element-content=\"true\" data-vce-do-apply=\"padding el-ab64b44c\"><div class=\"vce-google-fonts-heading vce-google-fonts-heading--align-left vce-google-fonts-heading--color-b-41-37-118--45--5C00FF--FF7200 vce-google-fonts-heading--font-family-Roboto\"><div class=\"vce-google-fonts-heading-wrapper\"><div class=\"vce-google-fonts-heading--background vce\" id=\"el-d75734ee\" data-vce-do-apply=\"border background  padding margin el-d75734ee\"><h3 class=\"vce-google-fonts-heading-inner\" style=\"font-size: 30px; font-weight: 400;\">Pourquoi voudriez-vous nous donner du travail <\/h3><\/div><\/div><\/div><div class=\"vce-text-block\"><div class=\"vce-text-block-wrapper vce\" id=\"el-a64b8dac\" data-vce-do-apply=\"all el-a64b8dac\"><p><strong>si une machine arrive \u00e0 mieux traduire en moins de temps pour moins d\u2019argent ?<\/strong><\/p><\/div><\/div><\/div><\/div><\/div><div class=\"vce-col vce-col--md-66-33p vce-col--xs-1 vce-col--xs-last vce-col--xs-first vce-col--sm-last vce-col--sm-first vce-col--md-last vce-col--lg-last vce-col--xl-last\" id=\"el-51d6086f\"><div class=\"vce-col-inner\" data-vce-do-apply=\"border margin background  el-51d6086f\"><div class=\"vce-col-content\" data-vce-element-content=\"true\" data-vce-do-apply=\"padding el-51d6086f\"><div class=\"vce-text-block\"><div class=\"vce-text-block-wrapper vce\" id=\"el-aa3e4bce\" data-vce-do-apply=\"all el-aa3e4bce\"><p>Ne nous voilons pas la face&nbsp;: les algorithmes (ou \u00ab&nbsp;traducteurs automatiques&nbsp;\u00bb) sont devenus relativement performants. En fonction des attentes, ils peuvent fournir des r\u00e9sultats ad\u00e9quats et nous aident aussi \u00e0 augmenter notre propre productivit\u00e9. Mais alors, pourquoi auriez-vous encore besoin de faire appel \u00e0 nos services si ces machines sont plus rapides et moins ch\u00e8res&nbsp;?<\/p><p><strong>Parce qu\u2019il y a encore quelque chose que nous faisons mieux qu\u2019elles&nbsp;: nous r\u00e9fl\u00e9chissons.<\/strong><\/p><p>Quand vous r\u00e9digez un texte, vous y mettez une intention.<br>Et vous souhaitez que les lecteurs per\u00e7oivent cette intention.<br>Nous aussi&nbsp;!<\/p><p>Nous d\u00e9tectons les allusions, les jeux de mots, les rimes, les gags, les sensibilit\u00e9s culturelles (tabous) et les messages entre les lignes. Quand nous adaptons vos textes, nous poursuivons un seul et unique but&nbsp;: que le lecteur n\u2019imagine pas une seule seconde qu\u2019il s\u2019agit d\u2019une traduction et qu\u2019il soit persuad\u00e9 de lire l\u2019original. Nous restituons les finesses grammaticales et les nuances de contenu avec fid\u00e9lit\u00e9. Et vos textes confidentiels font toujours l\u2019objet d\u2019une discr\u00e9tion absolue.<\/p><p>Par ailleurs, nous vous garantissons une totale transparence sur le traitement de vos donn\u00e9es. Nous observons strictement la l\u00e9gislation suisse sur la protection des donn\u00e9es (LPD) ainsi que le R\u00e8glement g\u00e9n\u00e9ral sur la protection des donn\u00e9es (RGPD).<\/p><p>Derri\u00e8re nos traductions se cachent des femmes et des hommes passionn\u00e9s, qui r\u00e9fl\u00e9chissent \u00e0 ce qu\u2019ils traduisent et comment ils le font. Et \u00e0 ce qu\u2019il ne faut pas faire.<\/p><p><strong>Pour nous, c\u2019est ce qui fait toute la diff\u00e9rence.<\/strong><\/p><\/div><\/div><\/div><\/div><\/div><\/div><\/div><\/div><\/div><\/div><\/div><\/div><\/div><\/div><div class=\"vce-row-container\"><div class=\"vce-row vce-row--col-gap-0 vce-row-columns--top vce-row-content--top\" data-vce-full-width=\"true\" data-vce-stretch-content=\"true\" id=\"el-5366a75b\" data-vce-do-apply=\"all el-5366a75b\"><div class=\"vce-content-background-container\"><\/div><div class=\"vce-row-content\" data-vce-element-content=\"true\"><div class=\"vce-col vce-col--md-10p vce-col--xs-1 vce-col--xs-last vce-col--xs-first vce-col--sm-last vce-col--sm-first vce-col--md-first vce-col--lg-first vce-col--xl-first\" id=\"el-8c1e2ff8\"><div class=\"vce-col-inner\" data-vce-do-apply=\"border margin background  el-8c1e2ff8\"><div class=\"vce-col-content\" data-vce-element-content=\"true\" data-vce-do-apply=\"padding el-8c1e2ff8\"><\/div><\/div><\/div><div class=\"vce-col vce-col--md-80p vce-col--xs-1 vce-col--xs-last vce-col--xs-first vce-col--sm-last vce-col--sm-first vce-col--md-last vce-col--lg-last vce-col--xl-last\" id=\"el-792c7b52\"><div class=\"vce-col-inner\" data-vce-do-apply=\"border margin background  el-792c7b52\"><div class=\"vce-col-content\" data-vce-element-content=\"true\" data-vce-do-apply=\"padding el-792c7b52\"><div class=\"vce-row-container\"><div class=\"vce-row vce-row--col-gap-30 vce-row-columns--top vce-row-content--top\" id=\"el-f496158d\" data-vce-do-apply=\"all el-f496158d\"><div class=\"vce-content-background-container\"><\/div><div class=\"vce-row-content\" data-vce-element-content=\"true\"><div class=\"vce-col vce-col--md-33-33p vce-col--xs-1 vce-col--xs-last vce-col--xs-first vce-col--sm-last vce-col--sm-first vce-col--md-first vce-col--lg-first vce-col--xl-first\" id=\"el-e9630ea8\"><div class=\"vce-col-inner\" data-vce-do-apply=\"border margin background  el-e9630ea8\"><div class=\"vce-col-content\" data-vce-element-content=\"true\" data-vce-do-apply=\"padding el-e9630ea8\"><div class=\"vce-google-fonts-heading vce-google-fonts-heading--align-left vce-google-fonts-heading--color-b-41-37-118--45--5C00FF--FF7200 vce-google-fonts-heading--font-family-Roboto\"><div class=\"vce-google-fonts-heading-wrapper\"><div class=\"vce-google-fonts-heading--background vce\" id=\"el-860fd261\" data-vce-do-apply=\"border background  padding margin el-860fd261\"><h3 class=\"vce-google-fonts-heading-inner\" style=\"font-size: 30px; font-weight: 400;\">A votre service<\/h3><\/div><\/div><\/div><div class=\"vce-text-block\"><div class=\"vce-text-block-wrapper vce\" id=\"el-98c5d346\" data-vce-do-apply=\"all el-98c5d346\"><p><strong>Une \u00e9quipe r\u00e9solument engag\u00e9e. R\u00e9solument fiable.<\/strong><\/p><\/div><\/div><div class=\"vce-single-image-container vce-single-image--align-left\"><div class=\"vce vce-single-image-wrapper\" id=\"el-923c261f\" data-vce-do-apply=\"all el-923c261f\"><figure><div class=\"vce-single-image-inner vce-single-image--absolute\" style=\"padding-bottom: 40.2344%; width: 1024px;\"><img class=\"vce-single-image\" width=\"1024\" height=\"412\"src=\"https:\/\/sim-phonie.ch\/wp-content\/uploads\/2020\/01\/image1-1024x412.png\" srcset=\"https:\/\/sim-phonie.ch\/wp-content\/uploads\/2020\/01\/image1-320x129.png 320w,https:\/\/sim-phonie.ch\/wp-content\/uploads\/2020\/01\/image1-480x193.png 480w,https:\/\/sim-phonie.ch\/wp-content\/uploads\/2020\/01\/image1-800x322.png 800w,https:\/\/sim-phonie.ch\/wp-content\/uploads\/2020\/01\/image1-1024x412.png 1024w\" data-img-src=\"https:\/\/sim-phonie.ch\/wp-content\/uploads\/2020\/01\/image1.png\" alt=\"\" title=\"image1\"\/><\/div><\/figure><\/div><\/div><\/div><\/div><\/div><div class=\"vce-col vce-col--md-66-33p vce-col--xs-1 vce-col--xs-last vce-col--xs-first vce-col--sm-last vce-col--sm-first vce-col--md-last vce-col--lg-last vce-col--xl-last\" id=\"el-822f2627\"><div class=\"vce-col-inner\" data-vce-do-apply=\"border margin background  el-822f2627\"><div class=\"vce-col-content\" data-vce-element-content=\"true\" data-vce-do-apply=\"padding el-822f2627\"><div class=\"vce-text-block\"><div class=\"vce-text-block-wrapper vce\" id=\"el-8fb1fefa\" data-vce-do-apply=\"all el-8fb1fefa\"><p>Pour ma part, je traduis des textes \u00e9crits en fran\u00e7ais et en anglais vers ma langue maternelle qui est l\u2019allemand. Je confie les traductions dans d\u2019autres combinaisons de langues \u00e0 des coll\u00e8gues fiables et exp\u00e9riment\u00e9-e-s qui composent mon r\u00e9seau. Je les connais tous en personne et je suis d\u00e8s lors en mesure de recourir aux prestataires les plus qualifi\u00e9-e-s pour chaque mandat, afin de garantir un r\u00e9sultat \u00e0 la hauteur de vos attentes.<\/p><p><span style=\"font-weight: 400;\">Vos traductions vers le fran\u00e7ais sont effectu\u00e9es par les traductrices et traducteurs de langue maternelle fran\u00e7aise chez Versions Originales&nbsp;: <\/span><a href=\"https:\/\/versions.ch\/\"><span style=\"font-weight: 400;\">https:\/\/versions.ch\/<\/span><\/a><\/p><p>A votre tour de b\u00e9n\u00e9ficier d\u2019une assurance qualit\u00e9 sans compromis, d\u2019une confidentialit\u00e9 absolue et d\u2019un respect imp\u00e9ratif des d\u00e9lais.<\/p><p>Nos tarifs d\u00e9pendent du volume, de la complexit\u00e9 et de l\u2019urgence des textes. Le d\u00e9compte est \u00e9tabli sur la base de lignes norm\u00e9es.<\/p><p><strong>Envie d\u2019en savoir plus pour tirer le meilleur parti de nos services et conna\u00eetre nos tarifs ? Avec grand plaisir !&nbsp;<\/strong><\/p><\/div><\/div><div class=\"vce-button--style-basic-container vce-button--style-basic-container--align-left\"><span class=\"vce-button--style-basic-wrapper vce\" id=\"el-6dbf3f99\" data-vce-do-apply=\"margin el-6dbf3f99\"><a class=\"vce-button--style-basic vce-button--style-basic--border-square vce-button--style-basic--size-medium vce-button--style-basic--color-b-41-37-118--fff vce-button--style-basic--hover-color-ba-41-37-118-0-8--fff\" href=\"https:\/\/sim-phonie.ch\/fr\/tarifs-et-contact\/\" title=\"\" data-vce-do-apply=\"padding border background  el-6dbf3f99\">Contactez-nous<\/a><\/span><\/div><\/div><\/div><\/div><\/div><\/div><\/div><\/div><\/div><\/div><\/div><\/div><\/div>\n","protected":false},"excerpt":{"rendered":"<p>La traduction&nbsp;:: l\u2019art d\u2019\u00e9crire justeTROUVER LES BONS MOTS. POUR LE BON PUBLIC.C\u2019est ce que nous faisons. R\u00e9solument.Des r\u00e9sultats qui attirent l&rsquo;oeil.La traduction est l\u2019adaptation d\u2019un texte \u00e9crit dans une autre langue.Ce n\u2019est pas une simple question de mots, mais aussi de message, car la traduction a pour but de transposer les id\u00e9es et aussi les [&hellip;]<\/p>\n","protected":false},"author":1,"featured_media":0,"parent":0,"menu_order":0,"comment_status":"closed","ping_status":"closed","template":"fullwidth.php","meta":{"footnotes":""},"class_list":["post-126","page","type-page","status-publish","hentry"],"_links":{"self":[{"href":"https:\/\/sim-phonie.ch\/fr\/wp-json\/wp\/v2\/pages\/126"}],"collection":[{"href":"https:\/\/sim-phonie.ch\/fr\/wp-json\/wp\/v2\/pages"}],"about":[{"href":"https:\/\/sim-phonie.ch\/fr\/wp-json\/wp\/v2\/types\/page"}],"author":[{"embeddable":true,"href":"https:\/\/sim-phonie.ch\/fr\/wp-json\/wp\/v2\/users\/1"}],"replies":[{"embeddable":true,"href":"https:\/\/sim-phonie.ch\/fr\/wp-json\/wp\/v2\/comments?post=126"}],"version-history":[{"count":77,"href":"https:\/\/sim-phonie.ch\/fr\/wp-json\/wp\/v2\/pages\/126\/revisions"}],"predecessor-version":[{"id":1132,"href":"https:\/\/sim-phonie.ch\/fr\/wp-json\/wp\/v2\/pages\/126\/revisions\/1132"}],"wp:attachment":[{"href":"https:\/\/sim-phonie.ch\/fr\/wp-json\/wp\/v2\/media?parent=126"}],"curies":[{"name":"wp","href":"https:\/\/api.w.org\/{rel}","templated":true}]}}