{"id":128,"date":"2019-07-10T10:30:50","date_gmt":"2019-07-10T08:30:50","guid":{"rendered":"https:\/\/sim-phonie.ch\/?page_id=128"},"modified":"2019-10-17T08:08:38","modified_gmt":"2019-10-17T06:08:38","slug":"concept-de-communication","status":"publish","type":"page","link":"https:\/\/sim-phonie.ch\/fr\/concept-de-communication\/","title":{"rendered":"Concept de communication"},"content":{"rendered":"<div class=\"vce-row-container\"><div class=\"vce-row vce-element--has-background vce-row--col-gap-30 banner vce-row-columns--top vce-row-content--top\" data-vce-full-width=\"true\" data-vce-stretch-content=\"true\" id=\"el-bb42eebd\" data-vce-do-apply=\"all el-bb42eebd\"><div class=\"vce-content-background-container\"><div class=\"vce-asset-parallax-container vce-visible-all-only\" data-vce-assets-parallax=\".vce-asset-parallax\" data-vce-assets-parallax-reverse=\"1\"><div class=\"vce-asset-parallax\" style=\"top: -30vh; bottom: -30vh; transform: translateY(30vh);\"><div class=\"vce-asset-background-simple-container vce-visible-all-only vce-asset-background-simple--style-cover vce-asset-background-simple--position-center-center\"><div class=\"vce-asset-background-simple\"><div class=\"vce-asset-background-simple-item\" style=\"background-image: url('https:\/\/sim-phonie.ch\/wp-content\/uploads\/2019\/09\/20190117_083114.jpg');\"><\/div><\/div><\/div><\/div><\/div><\/div><div class=\"vce-row-content\" data-vce-element-content=\"true\"><div class=\"vce-col vce-col--md-auto vce-col--xs-1 vce-col--xs-last vce-col--xs-first vce-col--sm-last vce-col--sm-first vce-col--md-last vce-col--lg-last vce-col--xl-last vce-col--md-first vce-col--lg-first vce-col--xl-first\" id=\"el-74804ea9\"><div class=\"vce-col-inner\" data-vce-do-apply=\"border margin background  el-74804ea9\"><div class=\"vce-col-content\" data-vce-element-content=\"true\" data-vce-do-apply=\"padding el-74804ea9\"><div class=\"vce-text-block\"><div class=\"vce-text-block-wrapper vce\" id=\"el-2c315c6d\" data-vce-do-apply=\"all el-2c315c6d\"><h1 style=\"text-align: right;\"><i class=\"fab fa-medapps\"><\/i> Concept de communication<\/h1><\/div><\/div><\/div><\/div><\/div><\/div><\/div><\/div><div class=\"vce-row-container\"><div class=\"vce-row vce-row--col-gap-30 vce-row-columns--top vce-row-content--top\" data-vce-full-width=\"true\" data-vce-stretch-content=\"true\" id=\"el-c4fabf3e\" data-vce-do-apply=\"all el-c4fabf3e\"><div class=\"vce-content-background-container\"><\/div><div class=\"vce-row-content\" data-vce-element-content=\"true\"><div class=\"vce-col vce-col--md-90p vce-col--xs-1 vce-col--xs-last vce-col--xs-first vce-col--sm-last vce-col--sm-first vce-col--md-first vce-col--lg-first vce-col--xl-first\" id=\"el-5717ff47\"><div class=\"vce-col-inner\" data-vce-do-apply=\"border margin background  el-5717ff47\"><div class=\"vce-col-content\" data-vce-element-content=\"true\" data-vce-do-apply=\"padding el-5717ff47\"><div class=\"vce-row-container\"><div class=\"vce-row vce-row--col-gap-15 vce-row-columns--top vce-row-content--top\" id=\"el-00fa064c\" data-vce-do-apply=\"all el-00fa064c\"><div class=\"vce-content-background-container\"><\/div><div class=\"vce-row-content\" data-vce-element-content=\"true\"><div class=\"vce-col vce-col--xs-100p vce-col--xs-visible vce-col--xs-last vce-col--xs-first vce-col--sm-100p vce-col--sm-visible vce-col--sm-last vce-col--sm-first vce-col--md-10p vce-col--md-visible vce-col--md-first vce-col--lg-10p vce-col--lg-visible vce-col--lg-first vce-col--xl-10p vce-col--xl-visible vce-col--xl-first\" id=\"el-548c038a\"><div class=\"vce-col-inner\" data-vce-do-apply=\"border margin background  el-548c038a\"><div class=\"vce-col-content\" data-vce-element-content=\"true\" data-vce-do-apply=\"padding el-548c038a\"><\/div><\/div><\/div><div class=\"vce-col vce-col--xs-100p vce-col--xs-visible vce-col--xs-last vce-col--xs-first vce-col--sm-100p vce-col--sm-visible vce-col--sm-last vce-col--sm-first vce-col--md-70p vce-col--md-visible vce-col--lg-70p vce-col--lg-visible vce-col--xl-70p vce-col--xl-visible\" id=\"el-4416e2e2\"><div class=\"vce-col-inner\" data-vce-do-apply=\"border margin background  el-4416e2e2\"><div class=\"vce-col-content\" data-vce-element-content=\"true\" data-vce-do-apply=\"padding el-4416e2e2\"><div class=\"vce-row-container\"><div class=\"vce-row vce-row--col-gap-30 vce-row-columns--top vce-row-content--top\" id=\"el-dd27fd4b\" data-vce-do-apply=\"all el-dd27fd4b\"><div class=\"vce-content-background-container\"><\/div><div class=\"vce-row-content\" data-vce-element-content=\"true\"><div class=\"vce-col vce-col--md-auto vce-col--xs-1 vce-col--xs-last vce-col--xs-first vce-col--sm-last vce-col--sm-first vce-col--md-last vce-col--lg-last vce-col--xl-last vce-col--md-first vce-col--lg-first vce-col--xl-first\" id=\"el-ff886bd7\"><div class=\"vce-col-inner\" data-vce-do-apply=\"border margin background  el-ff886bd7\"><div class=\"vce-col-content\" data-vce-element-content=\"true\" data-vce-do-apply=\"padding el-ff886bd7\"><div class=\"vce-text-block\"><div class=\"vce-text-block-wrapper vce\" id=\"el-91760c11\" data-vce-do-apply=\"all el-91760c11\"><p><span class=\"s1\">La r\u00e9ussite de votre \u00e9v\u00e9nement d\u00e9pend de vos prestations qui doivent \u00eatre r\u00e9solument convaincantes dans tous les domaines. Il ne suffit pas de choisir d\u2019excellents interpr\u00e8tes ou de fournir d\u2019excellentes traductions.<\/span><\/p><p><span class=\"s1\">Vos intervenant-e-s, pr\u00e9sentateurs et animateurs doivent, eux aussi, fournir une pr\u00e9sentation sans faille, et cela vaut \u00e9galement pour le service traiteur.<\/span><\/p><p><span class=\"s1\">Chaque conf\u00e9rence est unique, raison pour laquelle nous sommes en mesure de vous fournir, en collaboration avec nos partenaires, un <\/span><span class=\"s1\"><b>service complet d\u2019un seul tenant.<\/b><\/span><\/p><\/div><\/div><\/div><\/div><\/div><\/div><\/div><\/div><\/div><\/div><\/div><div class=\"vce-col vce-col--xs-100p vce-col--xs-visible vce-col--xs-last vce-col--xs-first vce-col--sm-100p vce-col--sm-visible vce-col--sm-last vce-col--sm-first vce-col--md-auto vce-col--md-visible vce-col--md-last vce-col--lg-auto vce-col--lg-visible vce-col--lg-last vce-col--xl-auto vce-col--xl-visible vce-col--xl-last\" id=\"el-7d964af8\"><div class=\"vce-col-inner\" data-vce-do-apply=\"border margin background  el-7d964af8\"><div class=\"vce-col-content\" data-vce-element-content=\"true\" data-vce-do-apply=\"padding el-7d964af8\"><\/div><\/div><\/div><\/div><\/div><\/div><\/div><\/div><\/div><div class=\"vce-col vce-col--md-5p vce-col--xs-1 vce-col--xs-last vce-col--xs-first vce-col--sm-last vce-col--sm-first vce-col--md-last vce-col--lg-last vce-col--xl-last\" id=\"el-36a2d654\"><div class=\"vce-col-inner\" data-vce-do-apply=\"border margin background  el-36a2d654\"><div class=\"vce-col-content\" data-vce-element-content=\"true\" data-vce-do-apply=\"padding el-36a2d654\"><\/div><\/div><\/div><\/div><\/div><\/div><div class=\"vce-row-container\"><div class=\"vce-row vce-element--has-background vce-row--col-gap-15 vce-row-columns--top vce-row-content--top\" data-vce-full-width=\"true\" data-vce-stretch-content=\"true\" id=\"el-8c40e6ff\" data-vce-do-apply=\"all el-8c40e6ff\"><div class=\"vce-content-background-container\"><\/div><div class=\"vce-row-content\" data-vce-element-content=\"true\"><div class=\"vce-col vce-col--md-10p vce-col--xs-1 vce-col--xs-last vce-col--xs-first vce-col--sm-last vce-col--sm-first vce-col--md-first vce-col--lg-first vce-col--xl-first\" id=\"el-60339fa3\"><div class=\"vce-col-inner\" data-vce-do-apply=\"border margin background  el-60339fa3\"><div class=\"vce-col-content\" data-vce-element-content=\"true\" data-vce-do-apply=\"padding el-60339fa3\"><\/div><\/div><\/div><div class=\"vce-col vce-col--md-80p vce-col--xs-1 vce-col--xs-last vce-col--xs-first vce-col--sm-last vce-col--sm-first\" id=\"el-9bda1c87\"><div class=\"vce-col-inner\" data-vce-do-apply=\"border margin background  el-9bda1c87\"><div class=\"vce-col-content\" data-vce-element-content=\"true\" data-vce-do-apply=\"padding el-9bda1c87\"><div class=\"vce-row-container\"><div class=\"vce-row vce-row--col-gap-30 vce-row-columns--top vce-row-content--top\" id=\"el-4d2d02c7\" data-vce-do-apply=\"all el-4d2d02c7\"><div class=\"vce-content-background-container\"><\/div><div class=\"vce-row-content\" data-vce-element-content=\"true\"><div class=\"vce-col vce-col--md-33-33p vce-col--xs-1 vce-col--xs-last vce-col--xs-first vce-col--sm-last vce-col--sm-first vce-col--md-first vce-col--lg-first vce-col--xl-first\" id=\"el-6438eb95\"><div class=\"vce-col-inner\" data-vce-do-apply=\"border margin background  el-6438eb95\"><div class=\"vce-col-content\" data-vce-element-content=\"true\" data-vce-do-apply=\"padding el-6438eb95\"><div class=\"vce-google-fonts-heading vce-google-fonts-heading--align-left vce-google-fonts-heading--color-b-41-37-118--45--5C00FF--FF7200 vce-google-fonts-heading--font-family-Roboto\"><div class=\"vce-google-fonts-heading-wrapper\"><div class=\"vce-google-fonts-heading--background vce\" id=\"el-c78e8f5a\" data-vce-do-apply=\"border background  padding margin el-c78e8f5a\"><h3 class=\"vce-google-fonts-heading-inner\" style=\"font-size: 30px; font-weight: 400;\">Notre pack \u00ab&nbsp;z\u00e9ro souci&nbsp;\u00bb<\/h3><\/div><\/div><\/div><div class=\"vce-text-block\"><div class=\"vce-text-block-wrapper vce\" id=\"el-9f892d95\" data-vce-do-apply=\"all el-9f892d95\"><p><strong>comprend la technique d\u2019interpr\u00e9tation, la formation des intervenant-e-s et pr\u00e9sentateurs ainsi que le service traiteur, que vous pouvez choisir sous la forme de prestations distinctes ou combin\u00e9es.<\/strong><\/p><\/div><\/div><\/div><\/div><\/div><div class=\"vce-col vce-col--md-66-33p vce-col--xs-1 vce-col--xs-last vce-col--xs-first vce-col--sm-last vce-col--sm-first vce-col--md-last vce-col--lg-last vce-col--xl-last\" id=\"el-d7b763d8\"><div class=\"vce-col-inner\" data-vce-do-apply=\"border margin background  el-d7b763d8\"><div class=\"vce-col-content\" data-vce-element-content=\"true\" data-vce-do-apply=\"padding el-d7b763d8\"><div class=\"vce-text-block\"><div class=\"vce-text-block-wrapper vce\" id=\"el-7f02c450\" data-vce-do-apply=\"all el-7f02c450\"><h5>Technique d\u2019interpr\u00e9tation&nbsp;: cabines et infrastructure mobile<\/h5><p><br>COMPRENDRE ET SE FAIRE COMPRENDRE.<br>Tirez le meilleur parti de nos services.<\/p><p>Si vous le souhaitez, nous nous chargeons d\u2019organiser tout ce qui touche \u00e0 la technique d\u2019interpr\u00e9tation n\u00e9cessaire \u00e0 votre \u00e9v\u00e9nement.<\/p><p>Confiez-nous la planification des interpr\u00e8tes pour vous lib\u00e9rer l\u2019esprit et vous consacrer \u00e0 d\u2019autres t\u00e2ches.<\/p><\/div><\/div><div class=\"vce-text-block\"><div class=\"vce-text-block-wrapper vce\" id=\"el-7dcc2d89\" data-vce-do-apply=\"all el-7dcc2d89\"><h5>Pr\u00e9senter avec aplomb: Gestion des relations avec les m\u00e9dias<\/h5><p class=\"p1\"><span class=\"s1\"><br>S'EXPRIMER EN TOUTE S\u00c9R\u00c9NIT\u00c9.<br><\/span>Tirez le meilleur parti de nos services.<\/p><p class=\"p3\"><span class=\"s1\">Nous partageons tous la peur des impr\u00e9vus ou d\u2019un message mal compris. <\/span><\/p><p class=\"p3\"><span class=\"s1\">Mettez toutes les chances de votre c\u00f4t\u00e9 en apprenant \u00e0 vous exprimer avec assurance et en d\u00e9velopper vos comp\u00e9tences pour convaincre votre public. <br>Nous vous donnons les cl\u00e9s pour assurer votre succ\u00e8s&nbsp;:<\/span><\/p><ul class=\"ul1\"><li class=\"li3\"><span class=\"s1\">Formations en communication<\/span><\/li><li class=\"li3\"><span class=\"s1\">Formations pour pr\u00e9sentateurs <\/span><\/li><li class=\"li3\"><span class=\"s1\">Cours de gestion des relations avec les m\u00e9dias<\/span><\/li><\/ul><p><a href=\"http:\/\/www.comidee.ch\/\" target=\"_blank\" rel=\"noopener noreferrer\">http:\/\/www.comidee.ch\/<\/a><\/p><\/div><\/div><div class=\"vce-text-block\"><div class=\"vce-text-block-wrapper vce\" id=\"el-0a99d52b\" data-vce-do-apply=\"all el-0a99d52b\"><h5 class=\"p1\"><span class=\"s1\">Service traiteur<br><\/span><\/h5><p class=\"p1\"><span class=\"s1\"><br>Participer \u00e0 une conf\u00e9rence n\u2019\u00e9tant pas de tout repos, nous savons qu\u2019il vous tient aussi \u00e0 c\u0153ur d\u2019assurer le bien-\u00eatre des participants.<\/span><\/p><p class=\"p1\"><span class=\"s1\">ALLIER TRAVAIL ET CONVIVIALIT\u00c9.<br><\/span><span class=\"s1\">Tirez le meilleur parti de nos services. <\/span><\/p><p class=\"p1\"><span class=\"s1\"><strong>Nos services - un vrai r\u00e9gal.<\/strong><\/span><\/p><p class=\"p1\"><span class=\"s1\">D\u00e9couvrez la recette d\u2019une r\u00e9ussite assur\u00e9e ici: <\/span><a href=\"https:\/\/lifestones.ch\/\" target=\"_blank\" rel=\"noopener noreferrer\">https:\/\/lifestones.ch\/<\/a><\/p><\/div><\/div><div class=\"vce-text-block\"><div class=\"vce-text-block-wrapper vce\" id=\"el-5b04eaa8\" data-vce-do-apply=\"all el-5b04eaa8\"><p style=\"text-align: left;\">Envie d\u2019en savoir plus pour tirer le meilleur parti de nos services et conna\u00eetre nos tarifs ? Avec grand plaisir !<\/p><\/div><\/div><div class=\"vce-button--style-basic-container vce-button--style-basic-container--align-left\"><span class=\"vce-button--style-basic-wrapper vce\" id=\"el-10a6d8eb\" data-vce-do-apply=\"margin el-10a6d8eb\"><a class=\"vce-button--style-basic vce-button--style-basic--border-square vce-button--style-basic--size-medium vce-button--style-basic--color-b-37-32-105--fff vce-button--style-basic--hover-color-ba-37-32-105-0-8--fff\" href=\"https:\/\/sim-phonie.ch\/fr\/tarifs-et-contact\/\" title=\"\" data-vce-do-apply=\"padding border background  el-10a6d8eb\">Contactez-nous<\/a><\/span><\/div><\/div><\/div><\/div><\/div><\/div><\/div><\/div><\/div><\/div><div class=\"vce-col vce-col--md-auto vce-col--xs-1 vce-col--xs-last vce-col--xs-first vce-col--sm-last vce-col--sm-first vce-col--md-last vce-col--lg-last vce-col--xl-last\" id=\"el-aee40c95\"><div class=\"vce-col-inner\" data-vce-do-apply=\"border margin background  el-aee40c95\"><div class=\"vce-col-content\" data-vce-element-content=\"true\" data-vce-do-apply=\"padding el-aee40c95\"><\/div><\/div><\/div><\/div><\/div><\/div><div class=\"vce-row-container\"><div class=\"vce-row vce-row--col-gap-30 vce-row-columns--top vce-row-content--top\" id=\"el-a5314ccc\" data-vce-do-apply=\"all el-a5314ccc\"><div class=\"vce-row-content\" data-vce-element-content=\"true\"><div class=\"vce-col vce-col--md-auto vce-col--xs-1 vce-col--xs-last vce-col--xs-first vce-col--sm-last vce-col--sm-first vce-col--md-last vce-col--lg-last vce-col--xl-last vce-col--md-first vce-col--lg-first vce-col--xl-first\" id=\"el-c90feaa5\"><div class=\"vce-col-inner\" data-vce-do-apply=\"border margin background  el-c90feaa5\"><div class=\"vce-col-content\" data-vce-element-content=\"true\" data-vce-do-apply=\"padding el-c90feaa5\"><\/div><\/div><\/div><\/div><\/div><\/div>\n","protected":false},"excerpt":{"rendered":"<p>Concept de communicationLa r\u00e9ussite de votre \u00e9v\u00e9nement d\u00e9pend de vos prestations qui doivent \u00eatre r\u00e9solument convaincantes dans tous les domaines. Il ne suffit pas de choisir d\u2019excellents interpr\u00e8tes ou de fournir d\u2019excellentes traductions.Vos intervenant-e-s, pr\u00e9sentateurs et animateurs doivent, eux aussi, fournir une pr\u00e9sentation sans faille, et cela vaut \u00e9galement pour le service traiteur.Chaque conf\u00e9rence est [&hellip;]<\/p>\n","protected":false},"author":1,"featured_media":0,"parent":0,"menu_order":0,"comment_status":"closed","ping_status":"closed","template":"fullwidth.php","meta":{"footnotes":""},"class_list":["post-128","page","type-page","status-publish","hentry"],"_links":{"self":[{"href":"https:\/\/sim-phonie.ch\/fr\/wp-json\/wp\/v2\/pages\/128"}],"collection":[{"href":"https:\/\/sim-phonie.ch\/fr\/wp-json\/wp\/v2\/pages"}],"about":[{"href":"https:\/\/sim-phonie.ch\/fr\/wp-json\/wp\/v2\/types\/page"}],"author":[{"embeddable":true,"href":"https:\/\/sim-phonie.ch\/fr\/wp-json\/wp\/v2\/users\/1"}],"replies":[{"embeddable":true,"href":"https:\/\/sim-phonie.ch\/fr\/wp-json\/wp\/v2\/comments?post=128"}],"version-history":[{"count":38,"href":"https:\/\/sim-phonie.ch\/fr\/wp-json\/wp\/v2\/pages\/128\/revisions"}],"predecessor-version":[{"id":1074,"href":"https:\/\/sim-phonie.ch\/fr\/wp-json\/wp\/v2\/pages\/128\/revisions\/1074"}],"wp:attachment":[{"href":"https:\/\/sim-phonie.ch\/fr\/wp-json\/wp\/v2\/media?parent=128"}],"curies":[{"name":"wp","href":"https:\/\/api.w.org\/{rel}","templated":true}]}}