{"id":130,"date":"2019-07-10T10:32:35","date_gmt":"2019-07-10T08:32:35","guid":{"rendered":"https:\/\/sim-phonie.ch\/?page_id=130"},"modified":"2019-12-17T00:06:31","modified_gmt":"2019-12-16T23:06:31","slug":"domaines-de-specialisation","status":"publish","type":"page","link":"https:\/\/sim-phonie.ch\/fr\/domaines-de-specialisation\/","title":{"rendered":"Domaines de sp\u00e9cialisation"},"content":{"rendered":"<div class=\"vce-row-container\"><div class=\"vce-row vce-element--has-background vce-row--col-gap-30 banner vce-row-columns--top vce-row-content--top\" data-vce-full-width=\"true\" data-vce-stretch-content=\"true\" id=\"el-22bb457a\" data-vce-do-apply=\"all el-22bb457a\"><div class=\"vce-content-background-container\"><div class=\"vce-asset-parallax-container vce-visible-all-only\" data-vce-assets-parallax=\".vce-asset-parallax\" data-vce-assets-parallax-reverse=\"1\"><div class=\"vce-asset-parallax\" style=\"top: -30vh; bottom: -30vh; transform: translateY(-25.9486vh);\"><div class=\"vce-asset-background-simple-container vce-visible-all-only vce-asset-background-simple--style-cover vce-asset-background-simple--position-center-center\"><div class=\"vce-asset-background-simple\"><div class=\"vce-asset-background-simple-item\" style=\"background-image: url('https:\/\/sim-phonie.ch\/wp-content\/uploads\/2019\/09\/2-Dolmetschen-ist-Teamarbeit-NEF-p-1.jpg');\"><\/div><\/div><\/div><\/div><\/div><\/div><div class=\"vce-row-content\" data-vce-element-content=\"true\"><div class=\"vce-col vce-col--md-auto vce-col--xs-1 vce-col--xs-last vce-col--xs-first vce-col--sm-last vce-col--sm-first vce-col--md-last vce-col--lg-last vce-col--xl-last vce-col--md-first vce-col--lg-first vce-col--xl-first\" id=\"el-fab56e94\"><div class=\"vce-col-inner\" data-vce-do-apply=\"border margin background  el-fab56e94\"><div class=\"vce-col-content\" data-vce-element-content=\"true\" data-vce-do-apply=\"padding el-fab56e94\"><div class=\"vce-text-block\"><div class=\"vce-text-block-wrapper vce\" id=\"el-0dc4388b\" data-vce-do-apply=\"all el-0dc4388b\"><h1 style=\"text-align: right;\"><i class=\"fas fa-layer-group\"><\/i> Domaines de sp\u00e9cialisation<\/h1><\/div><\/div><\/div><\/div><\/div><\/div><\/div><\/div><div class=\"vce-row-container\"><div class=\"vce-row vce-row--col-gap-30 vce-row-columns--top vce-row-content--top\" data-vce-full-width=\"true\" data-vce-stretch-content=\"true\" id=\"el-08e9750c\" data-vce-do-apply=\"all el-08e9750c\"><div class=\"vce-content-background-container\"><\/div><div class=\"vce-row-content\" data-vce-element-content=\"true\"><div class=\"vce-col vce-col--md-90p vce-col--xs-1 vce-col--xs-last vce-col--xs-first vce-col--sm-last vce-col--sm-first vce-col--md-first vce-col--lg-first vce-col--xl-first\" id=\"el-ddb8d097\"><div class=\"vce-col-inner\" data-vce-do-apply=\"border margin background  el-ddb8d097\"><div class=\"vce-col-content\" data-vce-element-content=\"true\" data-vce-do-apply=\"padding el-ddb8d097\"><div class=\"vce-row-container\"><div class=\"vce-row vce-row--col-gap-15 vce-row-columns--top vce-row-content--top\" id=\"el-5d6e98ff\" data-vce-do-apply=\"all el-5d6e98ff\"><div class=\"vce-content-background-container\"><\/div><div class=\"vce-row-content\" data-vce-element-content=\"true\"><div class=\"vce-col vce-col--xs-100p vce-col--xs-visible vce-col--xs-last vce-col--xs-first vce-col--sm-100p vce-col--sm-visible vce-col--sm-last vce-col--sm-first vce-col--md-10p vce-col--md-visible vce-col--md-first vce-col--lg-10p vce-col--lg-visible vce-col--lg-first vce-col--xl-10p vce-col--xl-visible vce-col--xl-first\" id=\"el-c10e2deb\"><div class=\"vce-col-inner\" data-vce-do-apply=\"border margin background  el-c10e2deb\"><div class=\"vce-col-content\" data-vce-element-content=\"true\" data-vce-do-apply=\"padding el-c10e2deb\"><\/div><\/div><\/div><div class=\"vce-col vce-col--xs-100p vce-col--xs-visible vce-col--xs-last vce-col--xs-first vce-col--sm-100p vce-col--sm-visible vce-col--sm-last vce-col--sm-first vce-col--md-70p vce-col--md-visible vce-col--lg-70p vce-col--lg-visible vce-col--xl-70p vce-col--xl-visible\" id=\"el-c2058067\"><div class=\"vce-col-inner\" data-vce-do-apply=\"border margin background  el-c2058067\"><div class=\"vce-col-content\" data-vce-element-content=\"true\" data-vce-do-apply=\"padding el-c2058067\"><div class=\"vce-row-container\"><div class=\"vce-row vce-row--col-gap-30 vce-row-columns--top vce-row-content--top\" id=\"el-630035b4\" data-vce-do-apply=\"all el-630035b4\"><div class=\"vce-content-background-container\"><\/div><div class=\"vce-row-content\" data-vce-element-content=\"true\"><div class=\"vce-col vce-col--md-auto vce-col--xs-1 vce-col--xs-last vce-col--xs-first vce-col--sm-last vce-col--sm-first vce-col--md-last vce-col--lg-last vce-col--xl-last vce-col--md-first vce-col--lg-first vce-col--xl-first\" id=\"el-8ff89e8f\"><div class=\"vce-col-inner\" data-vce-do-apply=\"border margin background  el-8ff89e8f\"><div class=\"vce-col-content\" data-vce-element-content=\"true\" data-vce-do-apply=\"padding el-8ff89e8f\"><div class=\"vce-text-block\"><div class=\"vce-text-block-wrapper vce\" id=\"el-428f68c6\" data-vce-do-apply=\"all el-428f68c6\"><p class=\"p1\"><span class=\"s1\">Parfois, les interpr\u00e8tes doivent aussi savoir se taire. <\/span><\/p><p class=\"p1\"><span class=\"s1\">Je traite avec la plus grande discr\u00e9tion les d\u00e9tails et informations des mandats que me confient mes clients - les v\u00f4tres aussi&nbsp;! Ce r\u00e9capitulatif est destin\u00e9 \u00e0 vous fournir un aper\u00e7u des secteurs de sp\u00e9cialisation dans lesquels j'ai exerc\u00e9 avec succ\u00e8s mon m\u00e9tier d'interpr\u00e8te ces dix derni\u00e8res ann\u00e9es (par ordre alphab\u00e9tique).<\/span><\/p><\/div><\/div><\/div><\/div><\/div><\/div><\/div><\/div><\/div><\/div><\/div><div class=\"vce-col vce-col--xs-100p vce-col--xs-visible vce-col--xs-last vce-col--xs-first vce-col--sm-100p vce-col--sm-visible vce-col--sm-last vce-col--sm-first vce-col--md-auto vce-col--md-visible vce-col--md-last vce-col--lg-auto vce-col--lg-visible vce-col--lg-last vce-col--xl-auto vce-col--xl-visible vce-col--xl-last\" id=\"el-06ed2ff3\"><div class=\"vce-col-inner\" data-vce-do-apply=\"border margin background  el-06ed2ff3\"><div class=\"vce-col-content\" data-vce-element-content=\"true\" data-vce-do-apply=\"padding el-06ed2ff3\"><\/div><\/div><\/div><\/div><\/div><\/div><\/div><\/div><\/div><div class=\"vce-col vce-col--md-5p vce-col--xs-1 vce-col--xs-last vce-col--xs-first vce-col--sm-last vce-col--sm-first vce-col--md-last vce-col--lg-last vce-col--xl-last\" id=\"el-7e3a59e8\"><div class=\"vce-col-inner\" data-vce-do-apply=\"border margin background  el-7e3a59e8\"><div class=\"vce-col-content\" data-vce-element-content=\"true\" data-vce-do-apply=\"padding el-7e3a59e8\"><\/div><\/div><\/div><\/div><\/div><\/div><div class=\"vce-row-container\"><div class=\"vce-row vce-element--has-background vce-row--col-gap-15 vce-row-columns--top vce-row-content--top\" data-vce-full-width=\"true\" data-vce-stretch-content=\"true\" id=\"el-06f85b1f\" data-vce-do-apply=\"all el-06f85b1f\"><div class=\"vce-content-background-container\"><\/div><div class=\"vce-row-content\" data-vce-element-content=\"true\"><div class=\"vce-col vce-col--md-10p vce-col--xs-1 vce-col--xs-last vce-col--xs-first vce-col--sm-last vce-col--sm-first vce-col--md-first vce-col--lg-first vce-col--xl-first\" id=\"el-baf757fb\"><div class=\"vce-col-inner\" data-vce-do-apply=\"border margin background  el-baf757fb\"><div class=\"vce-col-content\" data-vce-element-content=\"true\" data-vce-do-apply=\"padding el-baf757fb\"><\/div><\/div><\/div><div class=\"vce-col vce-col--md-60p vce-col--xs-1 vce-col--xs-last vce-col--xs-first vce-col--sm-last vce-col--sm-first\" id=\"el-c8138a46\"><div class=\"vce-col-inner\" data-vce-do-apply=\"border margin background  el-c8138a46\"><div class=\"vce-col-content\" data-vce-element-content=\"true\" data-vce-do-apply=\"padding el-c8138a46\"><div class=\"vce-text-block\"><div class=\"vce-text-block-wrapper vce\" id=\"el-08e3cfb9\" data-vce-do-apply=\"all el-08e3cfb9\"><h2>Les domaines<\/h2><h5>Agriculture | Alimentation<\/h5><p>Achat | N\u00e9gociations :: Assurance-qualit\u00e9 :: Foires et expositions :: Horticulture | Plantes :: Logistique :: Technologie alimentaire<\/p><h5>Architecture | G\u00e9nie civil<\/h5><p>Am\u00e9nagement du territoire :: Am\u00e9nagement int\u00e9rieur :: G\u00e9nie&nbsp; hydraulique :: G\u00e9nie civil | travaux publics :: Paysagisme :: Urbanisme<\/p><h5>Associations<\/h5><p>En raison du grand nombre de clubs et d'associations pour lesquels nous travaillons r\u00e9guli\u00e8rement, ainsi que du grand nombre de domaines sp\u00e9cialis\u00e9s dans lesquels ils sont actifs, aucune liste d\u00e9taill\u00e9e n'est fournie ici.<\/p><h5>Autorit\u00e9s publiques<\/h5><p>De nombreuses autorit\u00e9s cantonales et f\u00e9d\u00e9rales nous font r\u00e9guli\u00e8rement confiance. Nos missions actuelles se situent principalement dans les domaines suivants (par ordre alphab\u00e9tique) :<\/p><p>Affaires \u00e9trang\u00e8res | Affaires de l\u2019int\u00e9rieur :: Construction (routes, voies navigables, environnement) :: D\u00e9fense :: \u00c9conomie :: \u00c9nergie :: Justice | Ex\u00e9cution des peines et mesures :: March\u00e9 du travail :: Police | Criminalistique | Police technique et scientifique (forensique) :: Politique (Parlements cantonaux | Grands conseils) :: Politique communale :: Protection civile | Protection de la population :: Protection incendie :: Sant\u00e9<\/p><h5>Banques, finances et assurances<\/h5><p>Assembl\u00e9es g\u00e9n\u00e9rales | Assembl\u00e9es des actionnaires :: Conf\u00e9rences de presse :: Congr\u00e8s :: Formations internes :: Manifestations pour les collaboratrices et collaborateurs :: R\u00e9unions annuelles de lancement | R\u00e9unions annuelles de cl\u00f4ture<\/p><h5>Commerce et industrie<\/h5><p>Assembl\u00e9es g\u00e9n\u00e9rales | Assembl\u00e9es des actionnaires :: Congr\u00e8s :: N\u00e9gociations :: R\u00e9unions des Conseils d\u2019administration et directrices\/directeurs d\u2019entreprises<\/p><h5>Culture | Films, t\u00e9l\u00e9vision &amp; radio<\/h5><p>B\u00e4nz, Friedli :: Bercot, Emmanuelle &amp; Schiffmann, Nemo :: Boudali, Tarek :: Bruel, Patrick :: Bruni Tedeschi, Val\u00e9rie<span class=\"s1\">&nbsp;<\/span>:: Desplechin, Arnaud :: FFFH - Festival du Film Fran\u00e7ais d'Helv\u00e9tie :: Garrel, Louis &amp; Esther :: Lapp, Patrick :: Lenz, Pedro :: Malle, Justine :: Mari\u00e9, Nicholas <span class=\"s1\">:: Mathis, Annina<\/span> :: Melgar, Fernand :: Merad, Kad :: Oberli, Bettina :: Poelvoorde, Beno\u00eet :: Sch\u00e4r, Berni :: S\u00e9gu\u00e9la, Tristan :: Suco, Sarah :: <span class=\"s1\">Reportage t\u00e9l\u00e9vis\u00e9e (t\u00e9l\u00e9vision allemande, WDR)&nbsp; :: Vetsch, Mona<\/span><\/p><h5>\u00c9nergie<\/h5><p>Nous travaillons r\u00e9guli\u00e8rement pour des acteurs cl\u00e9s du secteur de l'\u00e9nergie : Les offices f\u00e9d\u00e9raux, les grandes associations \u00e9nerg\u00e9tiques et les entreprises d'approvisionnement en \u00e9nergie nous font confiance depuis de nombreuses ann\u00e9es. Qu'il s'agisse d'un grand congr\u00e8s, d'une retraite ou d'un atelier - nous vous offrons de l'\u00e9nergie pure !<\/p><p>Quelques exemples:<br><a href=\"https:\/\/www.bfe.admin.ch\/bfe\/fr\/home.html\" target=\"_blank\" rel=\"noopener noreferrer\">BFE<\/a> :: <a href=\"https:\/\/www.elcom.admin.ch\/elcom\/fr\/home.html\" target=\"_blank\" rel=\"noopener noreferrer\">ElCom<\/a> :: <a href=\"https:\/\/solarimpulse.com\/\" target=\"_blank\" rel=\"noopener noreferrer\">SolarImpulse<\/a> :: <a href=\"https:\/\/www.stadtwerkekongress.ch\/fr\/accueil\/\" target=\"_blank\" rel=\"noopener noreferrer\">Stadtwerkekongress<\/a> :: <a href=\"http:\/\/www.stromkongress.ch\/fr\/home.html\" target=\"_blank\" rel=\"noopener noreferrer\">Stromkongress<\/a> :: <a href=\"https:\/\/swisspower.ch\/fr\/\" target=\"_blank\" rel=\"noopener noreferrer\">Swisspower<\/a>&nbsp;:: <a href=\"https:\/\/www.strom.ch\/fr\" target=\"_blank\" rel=\"noopener noreferrer\">VSE<\/a><\/p><h5>Formations de perfectionnement<\/h5><p>Syst\u00e8mes de communication pour la conduite et l\u2019intervention :: Formations d\u2019utilisation de machines et appareils :: Formations informatique :: Marketing :: Entra\u00eenement du conditionnement et de la motivation :: Gestion du personnel :: Ex\u00e9cution des peines et mesures | Interventions de la police | Lutte contre la criminalit\u00e9 (crime organis\u00e9, terrorisme) :: R\u00e9orientation strat\u00e9gique \/ \u00e9conomique :: Accompagnement au changement (change management) :: Vente :: etc.<\/p><h5>Industrie automobile<\/h5><p>Conf\u00e9rences des concessionnaires :: Cours et formations de perfectionnement :: Foires \/ expositions<\/p><h5>Justice | Ex\u00e9cution des peines et mesures | Criminologie<\/h5><p>De nombreuses institutions et de nombreux acteurs dans le domaine de la justice et de l\u2019ex\u00e9cution des peines et mesures peuvent compter sur nous. Nous traitons leurs informations hautement sensibles de mani\u00e8re professionnelle et strictement confidentielle.<\/p><p>Quelques exemples&nbsp;:<br><a href=\"https:\/\/www.bundesanwaltschaft.ch\/mpc\/de\/home.html\" target=\"_blank\" rel=\"noopener noreferrer\">Minist\u00e8re public de la conf\u00e9d\u00e9ration<\/a>&nbsp;:: <a href=\"https:\/\/www.bstger.ch\/\" target=\"_blank\" rel=\"noopener noreferrer\">Tribunal p\u00e9nal f\u00e9d\u00e9ral<\/a>&nbsp;:: <a href=\"https:\/\/www.skjv.ch\/de\" target=\"_blank\" rel=\"noopener noreferrer\">CSCSP<\/a>&nbsp;:: <a href=\"https:\/\/www.institut-police.ch\/\" target=\"_blank\" rel=\"noopener noreferrer\">ISP<\/a><\/p><h5>Personnalit\u00e9s<\/h5><p>Ban, Shigeru :: Berset, Alain :: Burkhalter, Didier :: Couchepin, Pascal :: Friedmann, Michel :: Genscher, Hans-Dietrich :: Giscard D'Estaing, Val\u00e9ry :: Keller-Sutter, Karin :: Lehmann, Karl Kardinal :: Leuthard, Doris :: Maurer, Ueli :: Nicollier, Claude :: Ogi, Adolf :: Piccard, Bertrand :: Sch\u00e4uble, Wolfgang :: Sommaruga, Simonetta :: Tsch\u00e4pp\u00e4t, Alexander :: etc.<\/p><h5>Politique<\/h5><p>Affaires sociales :: Allocutions et jubil\u00e9es :: D\u00e9veloppements d\u00e9mographiques :: Jeunesse :: March\u00e9 du travail :: Migration :: N\u00e9gociations des partenaires sociales :: Patrimoine mondial :: Politique communale :: Politique du 3<sup>\u00e8<\/sup> \u00e2ge :: Protection civile :: Protection de la population :: Sant\u00e9 :: Sport :: Terrorisme :: Transport :: etc.<\/p><h5>Sant\u00e9&nbsp;| Industrie pharmaceutique | M\u00e9decine<\/h5><p>Alimentation :: Associations m\u00e9dicales (AG, r\u00e9unions strat\u00e9giques, etc.) :: G\u00e9n\u00e9tique :: G\u00e9rontologie &amp; P\u00e9dopsychiatrie :: Oncologie :: Politique de la sant\u00e9<\/p><h5>Technologie<\/h5><p>Construction de machines :: Construction hydraulique :: G\u00e9nie civil :: Pr\u00e9vention contre les risques naturels et incendies :: Technologie d\u2019observation :: Technologie des services hivernaux :: Technologie ferroviaire :: Technologies a\u00e9roportuaires :: T\u00e9l\u00e9communication<\/p><h5>Transport &amp; Mobilit\u00e9<\/h5><p>Logistique :: Mobilit\u00e9 douce :: Transport ferroviaire | transport routier | transport maritime<\/p><\/div><\/div><\/div><\/div><\/div><div class=\"vce-col vce-col--md-20p vce-col--xs-1 vce-col--xs-last vce-col--xs-first vce-col--sm-last vce-col--sm-first vce-col--md-last vce-col--lg-last vce-col--xl-last\" id=\"el-8bcf3d34\"><div class=\"vce-col-inner\" data-vce-do-apply=\"border margin background  el-8bcf3d34\"><div class=\"vce-col-content\" data-vce-element-content=\"true\" data-vce-do-apply=\"padding el-8bcf3d34\"><\/div><\/div><\/div><\/div><\/div><\/div>\n","protected":false},"excerpt":{"rendered":"<p>Domaines de sp\u00e9cialisationParfois, les interpr\u00e8tes doivent aussi savoir se taire. Je traite avec la plus grande discr\u00e9tion les d\u00e9tails et informations des mandats que me confient mes clients &#8211; les v\u00f4tres aussi&nbsp;! Ce r\u00e9capitulatif est destin\u00e9 \u00e0 vous fournir un aper\u00e7u des secteurs de sp\u00e9cialisation dans lesquels j&rsquo;ai exerc\u00e9 avec succ\u00e8s mon m\u00e9tier d&rsquo;interpr\u00e8te ces [&hellip;]<\/p>\n","protected":false},"author":1,"featured_media":0,"parent":0,"menu_order":0,"comment_status":"closed","ping_status":"closed","template":"fullwidth.php","meta":{"footnotes":""},"class_list":["post-130","page","type-page","status-publish","hentry"],"_links":{"self":[{"href":"https:\/\/sim-phonie.ch\/fr\/wp-json\/wp\/v2\/pages\/130"}],"collection":[{"href":"https:\/\/sim-phonie.ch\/fr\/wp-json\/wp\/v2\/pages"}],"about":[{"href":"https:\/\/sim-phonie.ch\/fr\/wp-json\/wp\/v2\/types\/page"}],"author":[{"embeddable":true,"href":"https:\/\/sim-phonie.ch\/fr\/wp-json\/wp\/v2\/users\/1"}],"replies":[{"embeddable":true,"href":"https:\/\/sim-phonie.ch\/fr\/wp-json\/wp\/v2\/comments?post=130"}],"version-history":[{"count":45,"href":"https:\/\/sim-phonie.ch\/fr\/wp-json\/wp\/v2\/pages\/130\/revisions"}],"predecessor-version":[{"id":1124,"href":"https:\/\/sim-phonie.ch\/fr\/wp-json\/wp\/v2\/pages\/130\/revisions\/1124"}],"wp:attachment":[{"href":"https:\/\/sim-phonie.ch\/fr\/wp-json\/wp\/v2\/media?parent=130"}],"curies":[{"name":"wp","href":"https:\/\/api.w.org\/{rel}","templated":true}]}}