{"id":413,"date":"2019-09-02T14:55:37","date_gmt":"2019-09-02T12:55:37","guid":{"rendered":"https:\/\/sim-phonie.ch\/?page_id=413"},"modified":"2020-07-27T15:47:12","modified_gmt":"2020-07-27T13:47:12","slug":"qui-sommes-nous","status":"publish","type":"page","link":"https:\/\/sim-phonie.ch\/fr\/qui-sommes-nous\/","title":{"rendered":"Qui sommes-nous"},"content":{"rendered":"<div class=\"vce-row-container\"><div class=\"vce-row vce-row--col-gap-30 vce-row-columns--top vce-row-content--top\" data-vce-full-width=\"true\" data-vce-stretch-content=\"true\" id=\"el-128536e7\" data-vce-do-apply=\"all el-128536e7\"><div class=\"vce-content-background-container\"><\/div><div class=\"vce-row-content\" data-vce-element-content=\"true\"><div class=\"vce-col vce-col--md-90p vce-col--xs-1 vce-col--xs-last vce-col--xs-first vce-col--sm-last vce-col--sm-first vce-col--md-first vce-col--lg-first vce-col--xl-first\" id=\"el-fac6a509\"><div class=\"vce-col-inner\" data-vce-do-apply=\"border margin background  el-fac6a509\"><div class=\"vce-col-content\" data-vce-element-content=\"true\" data-vce-do-apply=\"padding el-fac6a509\"><div class=\"vce-row-container\"><div class=\"vce-row vce-row--col-gap-15 vce-row-columns--top vce-row-content--top\" id=\"el-3dd57753\" data-vce-do-apply=\"all el-3dd57753\"><div class=\"vce-content-background-container\"><\/div><div class=\"vce-row-content\" data-vce-element-content=\"true\"><div class=\"vce-col vce-col--xs-100p vce-col--xs-visible vce-col--xs-last vce-col--xs-first vce-col--sm-100p vce-col--sm-visible vce-col--sm-last vce-col--sm-first vce-col--md-10p vce-col--md-visible vce-col--md-first vce-col--lg-10p vce-col--lg-visible vce-col--lg-first vce-col--xl-10p vce-col--xl-visible vce-col--xl-first\" id=\"el-7153992b\"><div class=\"vce-col-inner\" data-vce-do-apply=\"border margin background  el-7153992b\"><div class=\"vce-col-content\" data-vce-element-content=\"true\" data-vce-do-apply=\"padding el-7153992b\"><div class=\"vce-row-container\"><div class=\"vce-row vce-row--col-gap-30 vce-row-columns--top vce-row-content--top\" id=\"el-53a3e2a8\" data-vce-do-apply=\"all el-53a3e2a8\"><div class=\"vce-content-background-container\"><\/div><div class=\"vce-row-content\" data-vce-element-content=\"true\"><div class=\"vce-col vce-col--md-auto vce-col--xs-1 vce-col--xs-last vce-col--xs-first vce-col--sm-last vce-col--sm-first vce-col--md-last vce-col--lg-last vce-col--xl-last vce-col--md-first vce-col--lg-first vce-col--xl-first\" id=\"el-b7c96e45\"><div class=\"vce-col-inner\" data-vce-do-apply=\"border margin background  el-b7c96e45\"><div class=\"vce-col-content\" data-vce-element-content=\"true\" data-vce-do-apply=\"padding el-b7c96e45\"><\/div><\/div><\/div><\/div><\/div><\/div><\/div><\/div><\/div><div class=\"vce-col vce-col--xs-100p vce-col--xs-visible vce-col--xs-last vce-col--xs-first vce-col--sm-100p vce-col--sm-visible vce-col--sm-last vce-col--sm-first vce-col--md-70p vce-col--md-visible vce-col--lg-70p vce-col--lg-visible vce-col--xl-70p vce-col--xl-visible\" id=\"el-960ab4a6\"><div class=\"vce-col-inner\" data-vce-do-apply=\"border margin background  el-960ab4a6\"><div class=\"vce-col-content\" data-vce-element-content=\"true\" data-vce-do-apply=\"padding el-960ab4a6\"><div class=\"vce-text-block\"><div class=\"vce-text-block-wrapper vce\" id=\"el-1e7ed219\" data-vce-do-apply=\"all el-1e7ed219\"><h1>Qui sommes-nous<\/h1><\/div><\/div><div class=\"vce-text-block\"><div class=\"vce-text-block-wrapper vce\" id=\"el-cc2eef76\" data-vce-do-apply=\"all el-cc2eef76\"><p class=\"p1\"><span class=\"s1\">Interpr\u00e8te de conf\u00e9rences et traductrice dipl\u00f4m\u00e9e, Sabine Nonhebel propose l\u2019interpr\u00e9tation de conf\u00e9rences et de r\u00e9unions, la traduction de documents \u00e9crits et l\u2019organisation de formations dans les domaines de l'expression et de la pr\u00e9sentation en public. Elle collabore avec un r\u00e9seau de coll\u00e8gues fiables et exp\u00e9riment\u00e9-e-s dont elle conna\u00eet personnellement les comp\u00e9tences pr\u00e9cises. Par cons\u00e9quent, elle sait les affecter exactement l\u00e0 o\u00f9 ils peuvent au mieux montrer leur forces et qualit\u00e9s.<\/span><\/p><p class=\"p1\"><span class=\"s1\"><span class=\"smallcap\">sim-phonie<\/span> est bas\u00e9 \u00e0 Bienne avec des bureaux \u00e0 <a href=\"https:\/\/versions.ch\/\">Neuch\u00e2tel<\/a> et <a href=\"https:\/\/blackpearlproduction.com\/\">Ersigen BE<\/a>.<\/span><\/p><\/div><\/div><\/div><\/div><\/div><div class=\"vce-col vce-col--xs-100p vce-col--xs-visible vce-col--xs-last vce-col--xs-first vce-col--sm-100p vce-col--sm-visible vce-col--sm-last vce-col--sm-first vce-col--md-auto vce-col--md-visible vce-col--md-last vce-col--lg-auto vce-col--lg-visible vce-col--lg-last vce-col--xl-auto vce-col--xl-visible vce-col--xl-last\" id=\"el-038a68ed\"><div class=\"vce-col-inner\" data-vce-do-apply=\"border margin background  el-038a68ed\"><div class=\"vce-col-content\" data-vce-element-content=\"true\" data-vce-do-apply=\"padding el-038a68ed\"><div class=\"vce-single-image-container vce-single-image--align-left\"><div class=\"vce vce-single-image-wrapper\" id=\"el-7cc5a4f5\" data-vce-do-apply=\"all el-7cc5a4f5\"><figure><div class=\"vce-single-image-inner vce-single-image--absolute\" style=\"padding-bottom: 60.1563%; width: 1024px;\"><img class=\"vce-single-image\" width=\"1024\" height=\"616\"src=\"https:\/\/sim-phonie.ch\/wp-content\/uploads\/2020\/07\/Foto-E-Mail-Signatur_bearbeitet-1024x616.jpg\" srcset=\"https:\/\/sim-phonie.ch\/wp-content\/uploads\/2020\/07\/Foto-E-Mail-Signatur_bearbeitet-320x193.jpg 320w,https:\/\/sim-phonie.ch\/wp-content\/uploads\/2020\/07\/Foto-E-Mail-Signatur_bearbeitet-480x289.jpg 480w,https:\/\/sim-phonie.ch\/wp-content\/uploads\/2020\/07\/Foto-E-Mail-Signatur_bearbeitet-800x481.jpg 800w,https:\/\/sim-phonie.ch\/wp-content\/uploads\/2020\/07\/Foto-E-Mail-Signatur_bearbeitet-1024x616.jpg 1024w\" data-img-src=\"https:\/\/sim-phonie.ch\/wp-content\/uploads\/2020\/07\/Foto-E-Mail-Signatur_bearbeitet.jpg\" alt=\"\" title=\"Foto E-Mail-Signatur_bearbeitet\"\/><\/div><\/figure><\/div><\/div><\/div><\/div><\/div><\/div><\/div><\/div><\/div><\/div><\/div><div class=\"vce-col vce-col--md-5p vce-col--xs-1 vce-col--xs-last vce-col--xs-first vce-col--sm-last vce-col--sm-first vce-col--md-last vce-col--lg-last vce-col--xl-last\" id=\"el-46b3a52e\"><div class=\"vce-col-inner\" data-vce-do-apply=\"border margin background  el-46b3a52e\"><div class=\"vce-col-content\" data-vce-element-content=\"true\" data-vce-do-apply=\"padding el-46b3a52e\"><\/div><\/div><\/div><\/div><\/div><\/div><div class=\"vce-row-container\"><div class=\"vce-row vce-element--has-background vce-row--col-gap-30 vce-row-columns--top vce-row-content--top\" data-vce-full-width=\"true\" data-vce-stretch-content=\"true\" id=\"el-fc630a9a\" data-vce-do-apply=\"all el-fc630a9a\"><div class=\"vce-content-background-container\"><\/div><div class=\"vce-row-content\" data-vce-element-content=\"true\"><div class=\"vce-col vce-col--md-90p vce-col--xs-1 vce-col--xs-last vce-col--xs-first vce-col--sm-last vce-col--sm-first vce-col--md-first vce-col--lg-first vce-col--xl-first\" id=\"el-5ae2135e\"><div class=\"vce-col-inner\" data-vce-do-apply=\"border margin background  el-5ae2135e\"><div class=\"vce-col-content\" data-vce-element-content=\"true\" data-vce-do-apply=\"padding el-5ae2135e\"><div class=\"vce-row-container\"><div class=\"vce-row vce-row--col-gap-15 vce-row-columns--top vce-row-content--top\" id=\"el-8514577e\" data-vce-do-apply=\"all el-8514577e\"><div class=\"vce-content-background-container\"><\/div><div class=\"vce-row-content\" data-vce-element-content=\"true\"><div class=\"vce-col vce-col--xs-100p vce-col--xs-visible vce-col--xs-last vce-col--xs-first vce-col--sm-100p vce-col--sm-visible vce-col--sm-last vce-col--sm-first vce-col--md-10p vce-col--md-visible vce-col--md-first vce-col--lg-10p vce-col--lg-visible vce-col--lg-first vce-col--xl-10p vce-col--xl-visible vce-col--xl-first\" id=\"el-6569cd23\"><div class=\"vce-col-inner\" data-vce-do-apply=\"border margin background  el-6569cd23\"><div class=\"vce-col-content\" data-vce-element-content=\"true\" data-vce-do-apply=\"padding el-6569cd23\"><div class=\"vce-row-container\"><div class=\"vce-row vce-row--col-gap-30 vce-row-columns--top vce-row-content--top\" id=\"el-c1650389\" data-vce-do-apply=\"all el-c1650389\"><div class=\"vce-content-background-container\"><\/div><div class=\"vce-row-content\" data-vce-element-content=\"true\"><div class=\"vce-col vce-col--md-auto vce-col--xs-1 vce-col--xs-last vce-col--xs-first vce-col--sm-last vce-col--sm-first vce-col--md-last vce-col--lg-last vce-col--xl-last vce-col--md-first vce-col--lg-first vce-col--xl-first\" id=\"el-85fb25f2\"><div class=\"vce-col-inner\" data-vce-do-apply=\"border margin background  el-85fb25f2\"><div class=\"vce-col-content\" data-vce-element-content=\"true\" data-vce-do-apply=\"padding el-85fb25f2\"><\/div><\/div><\/div><\/div><\/div><\/div><\/div><\/div><\/div><div class=\"vce-col vce-col--xs-100p vce-col--xs-visible vce-col--xs-last vce-col--xs-first vce-col--sm-100p vce-col--sm-visible vce-col--sm-last vce-col--sm-first vce-col--md-70p vce-col--md-visible vce-col--lg-70p vce-col--lg-visible vce-col--xl-70p vce-col--xl-visible\" id=\"el-5be234aa\"><div class=\"vce-col-inner\" data-vce-do-apply=\"border margin background  el-5be234aa\"><div class=\"vce-col-content\" data-vce-element-content=\"true\" data-vce-do-apply=\"padding el-5be234aa\"><div class=\"vce-text-block\"><div class=\"vce-text-block-wrapper vce\" id=\"el-f8d27961\" data-vce-do-apply=\"all el-f8d27961\"><p>Laure Hoffmeyer, directrice de notre bureau de traduction <a href=\"https:\/\/versions.ch\/\">Versions Originales S\u00e0rl<\/a>, est responsable pour toutes les traductions \u00e9crites vers le fran\u00e7ais.&nbsp;<br>\u00c0 la barre du navire Versions Originales S\u00e0rl, sa capitaine Laure Hoffmeyer combine traduction et navigation sous le soleil comme en pleine temp\u00eate. Avec l\u2019\u00e9quipe de ce bureau partenaire de sim-phonie, elle ma\u00eetrise toutes les man\u0153uvres pour mener les mandats de ses clients \u00e0 bon port.<\/p><\/div><\/div><\/div><\/div><\/div><div class=\"vce-col vce-col--xs-100p vce-col--xs-visible vce-col--xs-last vce-col--xs-first vce-col--sm-100p vce-col--sm-visible vce-col--sm-last vce-col--sm-first vce-col--md-auto vce-col--md-visible vce-col--md-last vce-col--lg-auto vce-col--lg-visible vce-col--lg-last vce-col--xl-auto vce-col--xl-visible vce-col--xl-last\" id=\"el-cf402e5f\"><div class=\"vce-col-inner\" data-vce-do-apply=\"border margin background  el-cf402e5f\"><div class=\"vce-col-content\" data-vce-element-content=\"true\" data-vce-do-apply=\"padding el-cf402e5f\"><div class=\"vce-single-image-container vce-single-image--align-left\"><div class=\"vce vce-single-image-wrapper\" id=\"el-5b0cd5bd\" data-vce-do-apply=\"all el-5b0cd5bd\"><figure><div class=\"vce-single-image-inner vce-single-image--absolute\" style=\"padding-bottom: 40.2344%; width: 1024px;\"><img class=\"vce-single-image\" width=\"1024\" height=\"412\"src=\"https:\/\/sim-phonie.ch\/wp-content\/uploads\/2020\/07\/image1-1024x412.png\" srcset=\"https:\/\/sim-phonie.ch\/wp-content\/uploads\/2020\/07\/image1-320x129.png 320w,https:\/\/sim-phonie.ch\/wp-content\/uploads\/2020\/07\/image1-480x193.png 480w,https:\/\/sim-phonie.ch\/wp-content\/uploads\/2020\/07\/image1-800x322.png 800w,https:\/\/sim-phonie.ch\/wp-content\/uploads\/2020\/07\/image1-1024x412.png 1024w\" data-img-src=\"https:\/\/sim-phonie.ch\/wp-content\/uploads\/2020\/01\/image1.png\" alt=\"\" title=\"image1\"\/><\/div><\/figure><\/div><\/div><\/div><\/div><\/div><\/div><\/div><\/div><\/div><\/div><\/div><div class=\"vce-col vce-col--md-5p vce-col--xs-1 vce-col--xs-last vce-col--xs-first vce-col--sm-last vce-col--sm-first vce-col--md-last vce-col--lg-last vce-col--xl-last\" id=\"el-4f5edd99\"><div class=\"vce-col-inner\" data-vce-do-apply=\"border margin background  el-4f5edd99\"><div class=\"vce-col-content\" data-vce-element-content=\"true\" data-vce-do-apply=\"padding el-4f5edd99\"><\/div><\/div><\/div><\/div><\/div><\/div><div class=\"vce-row-container\"><div class=\"vce-row vce-row--col-gap-30 vce-row-columns--top vce-row-content--top\" data-vce-full-width=\"true\" data-vce-stretch-content=\"true\" id=\"el-2f9c07e9\" data-vce-do-apply=\"all el-2f9c07e9\"><div class=\"vce-content-background-container\"><\/div><div class=\"vce-row-content\" data-vce-element-content=\"true\"><div class=\"vce-col vce-col--md-90p vce-col--xs-1 vce-col--xs-last vce-col--xs-first vce-col--sm-last vce-col--sm-first vce-col--md-first vce-col--lg-first vce-col--xl-first\" id=\"el-a4862ba6\"><div class=\"vce-col-inner\" data-vce-do-apply=\"border margin background  el-a4862ba6\"><div class=\"vce-col-content\" data-vce-element-content=\"true\" data-vce-do-apply=\"padding el-a4862ba6\"><div class=\"vce-row-container\"><div class=\"vce-row vce-row--col-gap-15 vce-row-columns--top vce-row-content--top\" id=\"el-1b87c4bb\" data-vce-do-apply=\"all el-1b87c4bb\"><div class=\"vce-content-background-container\"><\/div><div class=\"vce-row-content\" data-vce-element-content=\"true\"><div class=\"vce-col vce-col--xs-100p vce-col--xs-visible vce-col--xs-last vce-col--xs-first vce-col--sm-100p vce-col--sm-visible vce-col--sm-last vce-col--sm-first vce-col--md-10p vce-col--md-visible vce-col--md-first vce-col--lg-10p vce-col--lg-visible vce-col--lg-first vce-col--xl-10p vce-col--xl-visible vce-col--xl-first\" id=\"el-2c5e53c5\"><div class=\"vce-col-inner\" data-vce-do-apply=\"border margin background  el-2c5e53c5\"><div class=\"vce-col-content\" data-vce-element-content=\"true\" data-vce-do-apply=\"padding el-2c5e53c5\"><div class=\"vce-row-container\"><div class=\"vce-row vce-row--col-gap-30 vce-row-columns--top vce-row-content--top\" id=\"el-addcf8c2\" data-vce-do-apply=\"all el-addcf8c2\"><div class=\"vce-content-background-container\"><\/div><div class=\"vce-row-content\" data-vce-element-content=\"true\"><div class=\"vce-col vce-col--md-auto vce-col--xs-1 vce-col--xs-last vce-col--xs-first vce-col--sm-last vce-col--sm-first vce-col--md-last vce-col--lg-last vce-col--xl-last vce-col--md-first vce-col--lg-first vce-col--xl-first\" id=\"el-fe06de0d\"><div class=\"vce-col-inner\" data-vce-do-apply=\"border margin background  el-fe06de0d\"><div class=\"vce-col-content\" data-vce-element-content=\"true\" data-vce-do-apply=\"padding el-fe06de0d\"><\/div><\/div><\/div><\/div><\/div><\/div><\/div><\/div><\/div><div class=\"vce-col vce-col--xs-100p vce-col--xs-visible vce-col--xs-last vce-col--xs-first vce-col--sm-100p vce-col--sm-visible vce-col--sm-last vce-col--sm-first vce-col--md-70p vce-col--md-visible vce-col--lg-70p vce-col--lg-visible vce-col--xl-70p vce-col--xl-visible\" id=\"el-1ad125fb\"><div class=\"vce-col-inner\" data-vce-do-apply=\"border margin background  el-1ad125fb\"><div class=\"vce-col-content\" data-vce-element-content=\"true\" data-vce-do-apply=\"padding el-1ad125fb\"><div class=\"vce-text-block\"><div class=\"vce-text-block-wrapper vce\" id=\"el-96ec496c\" data-vce-do-apply=\"all el-96ec496c\"><div id=\"el-a775ce43\" class=\"vce-col vce-col--xs-100p vce-col--xs-visible vce-col--xs-last vce-col--xs-first vce-col--sm-100p vce-col--sm-visible vce-col--sm-last vce-col--sm-first vce-col--md-70p vce-col--md-visible vce-col--lg-70p vce-col--lg-visible vce-col--xl-70p vce-col--xl-visible\"><div class=\"vce-col-inner\" data-vce-do-apply=\"border margin background el-a775ce43\"><div class=\"vce-col-content\" data-vce-element-content=\"true\" data-vce-do-apply=\"padding el-a775ce43\"><div class=\"vce-text-block\"><div id=\"el-23763aa2\" class=\"vce-text-block-wrapper vce\" data-vce-do-apply=\"all el-23763aa2\"><p><span class=\"s1\"><span class=\"smallcap\">sim-phonie<\/span><\/span> Kommunikation GmbH &amp; <a href=\"https:\/\/blackpearlproduction.com\/kompetenzen\/\">BlackPearl Production<\/a> gehen neue Wege.<\/p><p>In Zusammenarbeit mit BlackPearl Production entstand ein spannendes Projekt: Das erste Dolmetsch-Studio in der Schweiz f\u00fcr die Simultan\u00fcbersetzung von virtuellen und hybriden Konferenzen. <br>Hier arbeiten die Simultandolmetscher-innen st\u00f6rungsfrei und voll konzentriert in hellen, schallisolierten Dolmetscherkabinen, ausgestattet mit modernster online-Technik. Die Eins\u00e4tze werden technisch begleitet.<\/p><p>Das spart Ihnen viel \u00c4rger und Zeit. Und die Teilnehmenden Ihrer Sitzungen und Konferenzen h\u00f6ren den Unterschied und werden ihn zu sch\u00e4tzen wissen.<\/p><p>F\u00fcr Ihre Sicherheit. Und die Ihrer Daten.<\/p><\/div><\/div><\/div><\/div><\/div><\/div><\/div><\/div><\/div><\/div><div class=\"vce-col vce-col--xs-100p vce-col--xs-visible vce-col--xs-last vce-col--xs-first vce-col--sm-100p vce-col--sm-visible vce-col--sm-last vce-col--sm-first vce-col--md-auto vce-col--md-visible vce-col--md-last vce-col--lg-auto vce-col--lg-visible vce-col--lg-last vce-col--xl-auto vce-col--xl-visible vce-col--xl-last\" id=\"el-8d288230\"><div class=\"vce-col-inner\" data-vce-do-apply=\"border margin background  el-8d288230\"><div class=\"vce-col-content\" data-vce-element-content=\"true\" data-vce-do-apply=\"padding el-8d288230\"><div class=\"vce-single-image-container vce-single-image--align-left\"><div class=\"vce vce-single-image-wrapper\" id=\"el-c653f509\" data-vce-do-apply=\"all el-c653f509\"><figure><div class=\"vce-single-image-inner vce-single-image--absolute\" style=\"padding-bottom: 20.9961%; width: 1024px;\"><img class=\"vce-single-image\" width=\"1024\" height=\"215\"src=\"https:\/\/sim-phonie.ch\/wp-content\/uploads\/2020\/07\/Logo-BP-blanc-1024x215.jpg\" srcset=\"https:\/\/sim-phonie.ch\/wp-content\/uploads\/2020\/07\/Logo-BP-blanc-320x67.jpg 320w,https:\/\/sim-phonie.ch\/wp-content\/uploads\/2020\/07\/Logo-BP-blanc-480x101.jpg 480w,https:\/\/sim-phonie.ch\/wp-content\/uploads\/2020\/07\/Logo-BP-blanc-800x168.jpg 800w,https:\/\/sim-phonie.ch\/wp-content\/uploads\/2020\/07\/Logo-BP-blanc-1024x215.jpg 1024w\" data-img-src=\"https:\/\/sim-phonie.ch\/wp-content\/uploads\/2020\/07\/Logo-BP-blanc.jpg\" alt=\"\" title=\"Logo BP blanc\"\/><\/div><\/figure><\/div><\/div><\/div><\/div><\/div><\/div><\/div><\/div><\/div><\/div><\/div><div class=\"vce-col vce-col--md-5p vce-col--xs-1 vce-col--xs-last vce-col--xs-first vce-col--sm-last vce-col--sm-first vce-col--md-last vce-col--lg-last vce-col--xl-last\" id=\"el-4c497131\"><div class=\"vce-col-inner\" data-vce-do-apply=\"border margin background  el-4c497131\"><div class=\"vce-col-content\" data-vce-element-content=\"true\" data-vce-do-apply=\"padding el-4c497131\"><\/div><\/div><\/div><\/div><\/div><\/div><div class=\"vce-row-container\"><div class=\"vce-row vce-element--has-background vce-row--col-gap-0 vce-row-columns--top vce-row-content--top\" data-vce-full-width=\"true\" data-vce-stretch-content=\"true\" id=\"el-384982ae\" data-vce-do-apply=\"all el-384982ae\"><div class=\"vce-content-background-container\"><\/div><div class=\"vce-row-content\" data-vce-element-content=\"true\"><div class=\"vce-col vce-col--md-10p vce-col--xs-1 vce-col--xs-last vce-col--xs-first vce-col--sm-last vce-col--sm-first vce-col--md-first vce-col--lg-first vce-col--xl-first\" id=\"el-5c619066\"><div class=\"vce-col-inner\" data-vce-do-apply=\"border margin background  el-5c619066\"><div class=\"vce-col-content\" data-vce-element-content=\"true\" data-vce-do-apply=\"padding el-5c619066\"><\/div><\/div><\/div><div class=\"vce-col vce-col--md-80p vce-col--xs-1 vce-col--xs-last vce-col--xs-first vce-col--sm-last vce-col--sm-first vce-col--md-last vce-col--lg-last vce-col--xl-last\" id=\"el-869bfafa\"><div class=\"vce-col-inner\" data-vce-do-apply=\"border margin background  el-869bfafa\"><div class=\"vce-col-content\" data-vce-element-content=\"true\" data-vce-do-apply=\"padding el-869bfafa\"><div class=\"vce-row-container\"><div class=\"vce-row vce-row--col-gap-30 vce-row-columns--top vce-row-content--top\" id=\"el-ed6b2519\" data-vce-do-apply=\"all el-ed6b2519\"><div class=\"vce-content-background-container\"><\/div><div class=\"vce-row-content\" data-vce-element-content=\"true\"><div class=\"vce-col vce-col--md-33-33p vce-col--xs-1 vce-col--xs-last vce-col--xs-first vce-col--sm-last vce-col--sm-first vce-col--md-first vce-col--lg-first vce-col--xl-first\" id=\"el-ab64b44c\"><div class=\"vce-col-inner\" data-vce-do-apply=\"border margin background  el-ab64b44c\"><div class=\"vce-col-content\" data-vce-element-content=\"true\" data-vce-do-apply=\"padding el-ab64b44c\"><div class=\"vce-google-fonts-heading vce-google-fonts-heading--align-left vce-google-fonts-heading--color-b-41-37-118--45--5C00FF--FF7200 vce-google-fonts-heading--font-family-Roboto\"><div class=\"vce-google-fonts-heading-wrapper\"><div class=\"vce-google-fonts-heading--background vce\" id=\"el-d75734ee\" data-vce-do-apply=\"border background  padding margin el-d75734ee\"><h3 class=\"vce-google-fonts-heading-inner\" style=\"font-size: 30px; font-weight: 400;\">Valeurs<\/h3><\/div><\/div><\/div><\/div><\/div><\/div><div class=\"vce-col vce-col--md-66-33p vce-col--xs-1 vce-col--xs-last vce-col--xs-first vce-col--sm-last vce-col--sm-first vce-col--md-last vce-col--lg-last vce-col--xl-last\" id=\"el-51d6086f\"><div class=\"vce-col-inner\" data-vce-do-apply=\"border margin background  el-51d6086f\"><div class=\"vce-col-content\" data-vce-element-content=\"true\" data-vce-do-apply=\"padding el-51d6086f\"><div class=\"vce-text-block\"><div class=\"vce-text-block-wrapper vce\" id=\"el-aa3e4bce\" data-vce-do-apply=\"all el-aa3e4bce\"><p class=\"p1\"><span class=\"s1\">J\u2019accorde une importance capitale aux contacts personnels ainsi qu\u2019\u00e0 l\u2019instauration d\u2019une relation de confiance, sans aucun compromis en mati\u00e8re de pr\u00e9cision et de s\u00e9curit\u00e9.<\/span><\/p><p class=\"p1\"><span class=\"s1\">Chez <\/span><span class=\"s2\"><span class=\"smallcap\">sim-phonie<\/span><\/span><span class=\"s1\">, nous travaillons selon le principe de coll\u00e9gialit\u00e9 et nous r\u00e9tribuons nos prestataires de fa\u00e7on \u00e9quitable \u2013 \u00e0 prestation \u00e9gale, salaire \u00e9gal \u2013 ind\u00e9pendamment de tout autre aspect.<\/span><\/p><p class=\"p1\"><span class=\"s1\"><i>Pour la qualit\u00e9<\/i>, il en d\u00e9coule que je connais parfaitement les qualifications, la fiabilit\u00e9 et la motivation de mes coll\u00e8gues et que je suis donc toujours en mesure de faire appel aux personnes les plus qualifi\u00e9es.<\/span><\/p><p class=\"p1\"><span class=\"s1\"><i>Pour vous<\/i>, cela implique que vous b\u00e9n\u00e9ficiez toujours de prestations d\u2019une excellente qualit\u00e9 fournies par des prestataires motiv\u00e9-e-s, que vous payez le meilleur prix pour un service optimal et que vous pouvez toujours compter sur nous. Nous ne facturons ni frais d\u2019agence, ni commission d\u2019interm\u00e9diaire.<\/span><\/p><p class=\"p1\"><span class=\"s1\">Et comme ma passion est mon m\u00e9tier, je m\u2019engage au sein du comit\u00e9 de l\u2019association professionnelle suisse ASTTI ainsi que dans l\u2019enseignement et l\u2019encadrement de la rel\u00e8ve. J\u2019organise et je participe en outre r\u00e9guli\u00e8rement \u00e0 des formations continues.<\/span><\/p><p class=\"p1\"><span class=\"s1\">Pour ma propre satisfaction.<br><\/span><span class=\"s1\">Pour les meilleurs r\u00e9sultats possible.<br><\/span><span class=\"s1\">Pour toutes celles et tous ceux qui nous lisent ou nous \u00e9coutent chaque jour.<\/span><\/p><p><strong>Envie d\u2019en savoir plus pour tirer le meilleur parti de nos services et conna\u00eetre nos tarifs ? Avec grand plaisir !&nbsp;<\/strong><\/p><\/div><\/div><div class=\"vce-button--style-basic-container vce-button--style-basic-container--align-left\"><span class=\"vce-button--style-basic-wrapper vce\" id=\"el-6dbf3f99\" data-vce-do-apply=\"margin el-6dbf3f99\"><a class=\"vce-button--style-basic vce-button--style-basic--border-square vce-button--style-basic--size-medium vce-button--style-basic--color-b-41-37-118--fff vce-button--style-basic--hover-color-ba-41-37-118-0-8--fff\" href=\"https:\/\/sim-phonie.ch\/fr\/tarifs-et-contact\/\" title=\"\" data-vce-do-apply=\"padding border background  el-6dbf3f99\">Contactez-nous<\/a><\/span><\/div><\/div><\/div><\/div><\/div><\/div><\/div><\/div><\/div><\/div><\/div><\/div><\/div>\n","protected":false},"excerpt":{"rendered":"<p>Qui sommes-nousInterpr\u00e8te de conf\u00e9rences et traductrice dipl\u00f4m\u00e9e, Sabine Nonhebel propose l\u2019interpr\u00e9tation de conf\u00e9rences et de r\u00e9unions, la traduction de documents \u00e9crits et l\u2019organisation de formations dans les domaines de l&rsquo;expression et de la pr\u00e9sentation en public. Elle collabore avec un r\u00e9seau de coll\u00e8gues fiables et exp\u00e9riment\u00e9-e-s dont elle conna\u00eet personnellement les comp\u00e9tences pr\u00e9cises. Par cons\u00e9quent, [&hellip;]<\/p>\n","protected":false},"author":1,"featured_media":0,"parent":0,"menu_order":0,"comment_status":"closed","ping_status":"closed","template":"fullwidth.php","meta":{"footnotes":""},"class_list":["post-413","page","type-page","status-publish","hentry"],"_links":{"self":[{"href":"https:\/\/sim-phonie.ch\/fr\/wp-json\/wp\/v2\/pages\/413"}],"collection":[{"href":"https:\/\/sim-phonie.ch\/fr\/wp-json\/wp\/v2\/pages"}],"about":[{"href":"https:\/\/sim-phonie.ch\/fr\/wp-json\/wp\/v2\/types\/page"}],"author":[{"embeddable":true,"href":"https:\/\/sim-phonie.ch\/fr\/wp-json\/wp\/v2\/users\/1"}],"replies":[{"embeddable":true,"href":"https:\/\/sim-phonie.ch\/fr\/wp-json\/wp\/v2\/comments?post=413"}],"version-history":[{"count":19,"href":"https:\/\/sim-phonie.ch\/fr\/wp-json\/wp\/v2\/pages\/413\/revisions"}],"predecessor-version":[{"id":1354,"href":"https:\/\/sim-phonie.ch\/fr\/wp-json\/wp\/v2\/pages\/413\/revisions\/1354"}],"wp:attachment":[{"href":"https:\/\/sim-phonie.ch\/fr\/wp-json\/wp\/v2\/media?parent=413"}],"curies":[{"name":"wp","href":"https:\/\/api.w.org\/{rel}","templated":true}]}}