{"id":44,"date":"2019-07-08T16:04:55","date_gmt":"2019-07-08T14:04:55","guid":{"rendered":"https:\/\/sim-phonie.ch\/?page_id=44"},"modified":"2020-07-27T16:12:46","modified_gmt":"2020-07-27T14:12:46","slug":"accueil","status":"publish","type":"page","link":"https:\/\/sim-phonie.ch\/fr\/","title":{"rendered":""},"content":{"rendered":"<div class=\"vce-row-container\"><div class=\"vce-row vce-row--col-gap-30 vce-row-columns--top vce-row-content--top\" id=\"el-2ba73b35\" data-vce-do-apply=\"all el-2ba73b35\"><div class=\"vce-row-content\" data-vce-element-content=\"true\"><div class=\"vce-col vce-col--md-auto vce-col--xs-1 vce-col--xs-last vce-col--xs-first vce-col--sm-last vce-col--sm-first vce-col--md-last vce-col--lg-last vce-col--xl-last vce-col--md-first vce-col--lg-first vce-col--xl-first\" id=\"el-85187a5e\"><div class=\"vce-col-inner\" data-vce-do-apply=\"border margin background  el-85187a5e\"><div class=\"vce-col-content\" data-vce-element-content=\"true\" data-vce-do-apply=\"padding el-85187a5e\"><div class=\"vce-shortcode\"><div class=\"vce-shortcode-wrapper vce\" id=\"el-98fe9984\" data-vce-do-apply=\"all el-98fe9984\"><\/div><\/div><div class=\"vce-row-container\"><div class=\"vce-row vce-row--col-gap-30 rondaccueil vce-row-columns--top vce-row-content--top\" id=\"el-48026b13\" data-vce-do-apply=\"all el-48026b13\"><div class=\"vce-content-background-container\"><\/div><div class=\"vce-row-content\" data-vce-element-content=\"true\"><div class=\"vce-col vce-col--md-auto vce-col--xs-1 vce-col--xs-last vce-col--xs-first vce-col--sm-last vce-col--sm-first vce-col--md-first vce-col--lg-first vce-col--xl-first\" id=\"el-82c2c9e7\"><div class=\"vce-col-inner\" data-vce-do-apply=\"border margin background  el-82c2c9e7\"><div class=\"vce-content-background-container\"><\/div><div class=\"vce-col-content\" data-vce-element-content=\"true\" data-vce-do-apply=\"padding el-82c2c9e7\"><div class=\"vce-raw-html\"><div class=\"vce-raw-html-wrapper\" id=\"el-a3a32de3\" data-vce-do-apply=\"all el-a3a32de3\"><a href=\"\/fr\/interpretation\/\">\n<div class=\"round_home fonce\">\n<i class=\"fas fa-microphone\"><\/i>\n<h4>Interpr\u00e9tation classique<\/h4>\n\t<\/div>\n<\/a><\/div><\/div><\/div><\/div><\/div><div class=\"vce-col vce-col--md-auto vce-col--xs-1 vce-col--xs-last vce-col--xs-first vce-col--sm-last vce-col--sm-first\" id=\"el-5318302e\"><div class=\"vce-col-inner\" data-vce-do-apply=\"border margin background  el-5318302e\"><div class=\"vce-col-content\" data-vce-element-content=\"true\" data-vce-do-apply=\"padding el-5318302e\"><div class=\"vce-raw-html\"><div class=\"vce-raw-html-wrapper\" id=\"el-f569b676\" data-vce-do-apply=\"all el-f569b676\"><a href=\"\/fr\/interpretation-simultanee-en-ligne\/\">\n<div class=\"round_home clair\">\n<i class=\"fas fa-chalkboard-teacher\"><\/i>\n<h4>Interpr\u00e9tation simultan\u00e9e<br>en ligne<\/h4>\n\t<\/div><\/a><\/div><\/div><\/div><\/div><\/div><div class=\"vce-col vce-col--md-auto vce-col--xs-1 vce-col--xs-last vce-col--xs-first vce-col--sm-last vce-col--sm-first\" id=\"el-d4ff7d72\"><div class=\"vce-col-inner\" data-vce-do-apply=\"border margin background  el-d4ff7d72\"><div class=\"vce-col-content\" data-vce-element-content=\"true\" data-vce-do-apply=\"padding el-d4ff7d72\"><div class=\"vce-raw-html\"><div class=\"vce-raw-html-wrapper\" id=\"el-75459bf4\" data-vce-do-apply=\"all el-75459bf4\"><a href=\"\/fr\/traduction\/\">\n<div class=\"round_home fonce\">\n<i class=\"far fa-copy\"><\/i>\n<h4>Traduction<\/h4>\n\t<\/div><\/a><\/div><\/div><\/div><\/div><\/div><div class=\"vce-col vce-col--md-auto vce-col--xs-1 vce-col--xs-last vce-col--xs-first vce-col--sm-last vce-col--sm-first vce-col--md-last vce-col--lg-last vce-col--xl-last\" id=\"el-bb1ec298\"><div class=\"vce-col-inner\" data-vce-do-apply=\"border margin background  el-bb1ec298\"><div class=\"vce-col-content\" data-vce-element-content=\"true\" data-vce-do-apply=\"padding el-bb1ec298\"><div class=\"vce-raw-html\"><div class=\"vce-raw-html-wrapper\" id=\"el-ef65ed9a\" data-vce-do-apply=\"all el-ef65ed9a\"><a href=\"\/fr\/sous-titrage-en-direct\/\">\n<div class=\"round_home clair\">\n<i class=\"fas fa-copy\"><\/i>\n<h4>Sous-titrage<br>en direct<\/h4>\n\t<\/div><\/a><\/div><\/div><\/div><\/div><\/div><\/div><\/div><\/div><div class=\"vce-row-container\"><div class=\"vce-row vce-row--col-gap-30 rondaccueil vce-row-columns--top vce-row-content--top\" id=\"el-afdedbb7\" data-vce-do-apply=\"all el-afdedbb7\"><div class=\"vce-content-background-container\"><\/div><div class=\"vce-row-content\" data-vce-element-content=\"true\"><div class=\"vce-col vce-col--md-auto vce-col--xs-1 vce-col--xs-last vce-col--xs-first vce-col--sm-last vce-col--sm-first vce-col--md-first vce-col--lg-first vce-col--xl-first\" id=\"el-03cf05cd\"><div class=\"vce-col-inner\" data-vce-do-apply=\"border margin background  el-03cf05cd\"><div class=\"vce-col-content\" data-vce-element-content=\"true\" data-vce-do-apply=\"padding el-03cf05cd\"><div class=\"vce-raw-html\"><div class=\"vce-raw-html-wrapper\" id=\"el-a6ba8244\" data-vce-do-apply=\"all el-a6ba8244\"><a href=\"\/fr\/domaines-de-specialisation\/\">\n<div class=\"round_home clair\">\n<i class=\"fas fa-layer-group\"><\/i>\n<h4>Domaines de sp\u00e9cialisation<\/h4>\n\t<\/div><\/a><\/div><\/div><\/div><\/div><\/div><div class=\"vce-col vce-col--md-auto vce-col--xs-1 vce-col--xs-last vce-col--xs-first vce-col--sm-last vce-col--sm-first\" id=\"el-82b42e65\"><div class=\"vce-col-inner\" data-vce-do-apply=\"border margin background  el-82b42e65\"><div class=\"vce-col-content\" data-vce-element-content=\"true\" data-vce-do-apply=\"padding el-82b42e65\"><div class=\"vce-raw-html\"><div class=\"vce-raw-html-wrapper\" id=\"el-28266fa9\" data-vce-do-apply=\"all el-28266fa9\"><a href=\"\/fr\/formations\/\">\n<div class=\"round_home fonce\">\n<i class=\"fab fa-medapps\"><\/i>\n<h4>Formations<\/h4>\n\t<\/div><\/a><\/div><\/div><\/div><\/div><\/div><div class=\"vce-col vce-col--md-auto vce-col--xs-1 vce-col--xs-last vce-col--xs-first vce-col--sm-last vce-col--sm-first\" id=\"el-09fa8fca\"><div class=\"vce-col-inner\" data-vce-do-apply=\"border margin background  el-09fa8fca\"><div class=\"vce-col-content\" data-vce-element-content=\"true\" data-vce-do-apply=\"padding el-09fa8fca\"><div class=\"vce-raw-html\"><div class=\"vce-raw-html-wrapper\" id=\"el-2dcbbe6e\" data-vce-do-apply=\"all el-2dcbbe6e\"><a href=\"\/fr\/pour-les-interpretes\/\">\n<div class=\"round_home clair\">\n\n\t<i class=\"fas fa-headphones-alt\"><\/i>\n<h4>Pour les<br>interpr\u00e8tes<\/h4>\n\t<\/div><\/a><\/div><\/div><\/div><\/div><\/div><div class=\"vce-col vce-col--md-auto vce-col--xs-1 vce-col--xs-last vce-col--xs-first vce-col--sm-last vce-col--sm-first vce-col--md-last vce-col--lg-last vce-col--xl-last\" id=\"el-e5731216\"><div class=\"vce-col-inner\" data-vce-do-apply=\"border margin background  el-e5731216\"><div class=\"vce-col-content\" data-vce-element-content=\"true\" data-vce-do-apply=\"padding el-e5731216\"><div class=\"vce-raw-html\"><div class=\"vce-raw-html-wrapper\" id=\"el-16aae009\" data-vce-do-apply=\"all el-16aae009\"><a href=\"\/fr\/tarifs-et-contact\/\">\n<div class=\"round_home fonce\">\n<i class=\"far fa-comments\"><\/i>\n<h4>Tarifs &amp; Contact <\/h4>\n\t<\/div><\/a><\/div><\/div><\/div><\/div><\/div><\/div><\/div><\/div><\/div><\/div><\/div><\/div><\/div><\/div><div class=\"vce-row-container\"><div class=\"vce-row vce-row--col-gap-30 citationhome vce-row-columns--top vce-row-content--top\" id=\"el-da8dcd2b\" data-vce-do-apply=\"all el-da8dcd2b\"><div class=\"vce-content-background-container\"><\/div><div class=\"vce-row-content\" data-vce-element-content=\"true\"><div class=\"vce-col vce-col--md-auto vce-col--xs-1 vce-col--xs-last vce-col--xs-first vce-col--sm-last vce-col--sm-first vce-col--md-last vce-col--lg-last vce-col--xl-last vce-col--md-first vce-col--lg-first vce-col--xl-first\" id=\"el-06cd7ce8\"><div class=\"vce-col-inner\" data-vce-do-apply=\"border margin background  el-06cd7ce8\"><div class=\"vce-col-content\" data-vce-element-content=\"true\" data-vce-do-apply=\"padding el-06cd7ce8\"><div class=\"vce vce-separator-container vce-separator--align-center vce-separator--style-solid\" id=\"el-f903c044\" data-vce-do-apply=\"margin el-f903c044\"><div class=\"vce-separator vce-separator--color-b-41-37-118 vce-separator--width-20 vce-separator--thickness-2\" data-vce-do-apply=\"border padding background  el-f903c044\"><\/div><\/div><div class=\"vce-text-block testimonial\"><div class=\"vce-text-block-wrapper vce\" id=\"el-3c63b4b3\" data-vce-do-apply=\"all el-3c63b4b3\"><h3 style=\"text-align: center;\"><em>Tout est possible sauf deux choses : Remettre le dentifrice dans le tube. Et retirer la parole prononc\u00e9e<\/em>.<\/h3><\/div><div class=\"vce-text-block-wrapper vce\" id=\"\" data-vce-do-apply=\"all el-3c63b4b3\" style=\"height: 0px; width: 0px; overflow: hidden; position: fixed; bottom: 0px; right: 0px;\"><h3 style=\"text-align: center;\"><em>Tout est possible sauf deux choses : Remettre le dentifrice dans le tube. Et retirer la parole prononc\u00e9e<\/em>.<\/h3><\/div><\/div><div class=\"vce vce-separator-container vce-separator--align-center vce-separator--style-solid\" id=\"el-7bda6eea\" data-vce-do-apply=\"margin el-7bda6eea\"><div class=\"vce-separator vce-separator--color-b-41-37-118 vce-separator--width-20 vce-separator--thickness-2\" data-vce-do-apply=\"border padding background  el-7bda6eea\"><\/div><\/div><\/div><\/div><\/div><\/div><\/div><\/div><div class=\"vce-row-container\"><div class=\"vce-row vce-row--col-gap-30 citationhome vce-row-columns--top vce-row-content--top\" id=\"el-cbf63f14\" data-vce-do-apply=\"all el-cbf63f14\"><div class=\"vce-content-background-container\"><\/div><div class=\"vce-row-content\" data-vce-element-content=\"true\"><div class=\"vce-col vce-col--md-auto vce-col--xs-1 vce-col--xs-last vce-col--xs-first vce-col--sm-last vce-col--sm-first vce-col--md-last vce-col--lg-last vce-col--xl-last vce-col--md-first vce-col--lg-first vce-col--xl-first\" id=\"el-a48e8b96\"><div class=\"vce-col-inner\" data-vce-do-apply=\"border margin background  el-a48e8b96\"><div class=\"vce-col-content\" data-vce-element-content=\"true\" data-vce-do-apply=\"padding el-a48e8b96\"><div class=\"vce-text-block testimonial\"><div class=\"vce-text-block-wrapper vce\" id=\"el-3583b4ab\" data-vce-do-apply=\"all el-3583b4ab\"><h3 style=\"text-align: center;\">TROUVER LES BONS MOTS. POUR LE BON PUBLIC.<br>C\u2019est ce que nous faisons. R\u00e9solument.&nbsp;<\/h3><\/div><\/div><div class=\"vce vce-separator-container vce-separator--align-center vce-separator--style-solid\" id=\"el-7da2f44c\" data-vce-do-apply=\"margin el-7da2f44c\"><div class=\"vce-separator vce-separator--color-b-41-37-118 vce-separator--width-20 vce-separator--thickness-2\" data-vce-do-apply=\"border padding background  el-7da2f44c\"><\/div><\/div><\/div><\/div><\/div><\/div><\/div><\/div>\n","protected":false},"excerpt":{"rendered":"<p>Interpr\u00e9tation classique Interpr\u00e9tation simultan\u00e9een ligne Traduction Sous-titrageen direct Domaines de sp\u00e9cialisation Formations Pour lesinterpr\u00e8tes Tarifs &amp; Contact Tout est possible sauf deux choses : Remettre le dentifrice dans le tube. Et retirer la parole prononc\u00e9e.Tout est possible sauf deux choses : Remettre le dentifrice dans le tube. Et retirer la parole prononc\u00e9e.TROUVER LES BONS MOTS. [&hellip;]<\/p>\n","protected":false},"author":1,"featured_media":0,"parent":0,"menu_order":0,"comment_status":"closed","ping_status":"closed","template":"fullwidth.php","meta":{"footnotes":""},"class_list":["post-44","page","type-page","status-publish","hentry"],"_links":{"self":[{"href":"https:\/\/sim-phonie.ch\/fr\/wp-json\/wp\/v2\/pages\/44"}],"collection":[{"href":"https:\/\/sim-phonie.ch\/fr\/wp-json\/wp\/v2\/pages"}],"about":[{"href":"https:\/\/sim-phonie.ch\/fr\/wp-json\/wp\/v2\/types\/page"}],"author":[{"embeddable":true,"href":"https:\/\/sim-phonie.ch\/fr\/wp-json\/wp\/v2\/users\/1"}],"replies":[{"embeddable":true,"href":"https:\/\/sim-phonie.ch\/fr\/wp-json\/wp\/v2\/comments?post=44"}],"version-history":[{"count":136,"href":"https:\/\/sim-phonie.ch\/fr\/wp-json\/wp\/v2\/pages\/44\/revisions"}],"predecessor-version":[{"id":1358,"href":"https:\/\/sim-phonie.ch\/fr\/wp-json\/wp\/v2\/pages\/44\/revisions\/1358"}],"wp:attachment":[{"href":"https:\/\/sim-phonie.ch\/fr\/wp-json\/wp\/v2\/media?parent=44"}],"curies":[{"name":"wp","href":"https:\/\/api.w.org\/{rel}","templated":true}]}}