{"id":91,"date":"2019-07-09T09:34:06","date_gmt":"2019-07-09T07:34:06","guid":{"rendered":"https:\/\/sim-phonie.ch\/?page_id=91"},"modified":"2019-10-17T08:12:01","modified_gmt":"2019-10-17T06:12:01","slug":"references","status":"publish","type":"page","link":"https:\/\/sim-phonie.ch\/fr\/references\/","title":{"rendered":"R\u00e9f\u00e9rences"},"content":{"rendered":"<div class=\"vce-row-container\"><div class=\"vce-row vce-row--col-gap-30 vce-row-columns--top vce-row-content--top\" data-vce-full-width=\"true\" data-vce-stretch-content=\"true\" id=\"el-675446a8\" data-vce-do-apply=\"all el-675446a8\"><div class=\"vce-content-background-container\"><\/div><div class=\"vce-row-content\" data-vce-element-content=\"true\"><div class=\"vce-col vce-col--md-90p vce-col--xs-1 vce-col--xs-last vce-col--xs-first vce-col--sm-last vce-col--sm-first vce-col--md-first vce-col--lg-first vce-col--xl-first\" id=\"el-14937887\"><div class=\"vce-col-inner\" data-vce-do-apply=\"border margin background  el-14937887\"><div class=\"vce-col-content\" data-vce-element-content=\"true\" data-vce-do-apply=\"padding el-14937887\"><div class=\"vce-row-container\"><div class=\"vce-row vce-row--col-gap-15 vce-row-columns--top vce-row-content--top\" id=\"el-06a155ea\" data-vce-do-apply=\"all el-06a155ea\"><div class=\"vce-content-background-container\"><\/div><div class=\"vce-row-content\" data-vce-element-content=\"true\"><div class=\"vce-col vce-col--xs-100p vce-col--xs-visible vce-col--xs-last vce-col--xs-first vce-col--sm-100p vce-col--sm-visible vce-col--sm-last vce-col--sm-first vce-col--md-10p vce-col--md-visible vce-col--md-first vce-col--lg-10p vce-col--lg-visible vce-col--lg-first vce-col--xl-10p vce-col--xl-visible vce-col--xl-first\" id=\"el-dc0a5936\"><div class=\"vce-col-inner\" data-vce-do-apply=\"border margin background  el-dc0a5936\"><div class=\"vce-col-content\" data-vce-element-content=\"true\" data-vce-do-apply=\"padding el-dc0a5936\"><\/div><\/div><\/div><div class=\"vce-col vce-col--xs-100p vce-col--xs-visible vce-col--xs-last vce-col--xs-first vce-col--sm-100p vce-col--sm-visible vce-col--sm-last vce-col--sm-first vce-col--md-70p vce-col--md-visible vce-col--lg-70p vce-col--lg-visible vce-col--xl-70p vce-col--xl-visible\" id=\"el-123c41eb\"><div class=\"vce-col-inner\" data-vce-do-apply=\"border margin background  el-123c41eb\"><div class=\"vce-col-content\" data-vce-element-content=\"true\" data-vce-do-apply=\"padding el-123c41eb\"><div class=\"vce-text-block\"><div class=\"vce-text-block-wrapper vce\" id=\"el-bf6b2c68\" data-vce-do-apply=\"all el-bf6b2c68\"><h1>R\u00c9F\u00c9RENCES<\/h1><\/div><\/div><div class=\"vce-row-container\"><div class=\"vce-row vce-row--col-gap-30 vce-row-columns--top vce-row-content--top\" id=\"el-6e782383\" data-vce-do-apply=\"all el-6e782383\"><div class=\"vce-content-background-container\"><\/div><div class=\"vce-row-content\" data-vce-element-content=\"true\"><div class=\"vce-col vce-col--md-auto vce-col--xs-1 vce-col--xs-last vce-col--xs-first vce-col--sm-last vce-col--sm-first vce-col--md-first vce-col--lg-first vce-col--xl-first\" id=\"el-1d27cca0\"><div class=\"vce-col-inner\" data-vce-do-apply=\"border margin background  el-1d27cca0\"><div class=\"vce-col-content\" data-vce-element-content=\"true\" data-vce-do-apply=\"padding el-1d27cca0\"><div class=\"vce-text-block\"><div class=\"vce-text-block-wrapper vce\" id=\"el-6861f171\" data-vce-do-apply=\"all el-6861f171\"><p class=\"p1\"><span class=\"s1\">Bas\u00e9e \u00e0 Biel\/Bienne, <\/span><span class=\"s2\"><span class=\"smallcap\">sim-phonie<\/span><\/span><span class=\"s1\"> est aussi pr\u00e9sente \u00e0 Berne et \u00e0 Neuch\u00e2tel.<\/span><\/p>\n<p class=\"p1\"><span class=\"s1\">J\u2019accorde une importance capitale aux contacts personnels ainsi qu\u2019\u00e0 l\u2019instauration d\u2019une relation de confiance, sans aucun compromis en mati\u00e8re de pr\u00e9cision et de s\u00e9curit\u00e9.<\/span><\/p>\n<span class=\"s1\">Prenez donc personnellement contact avec <\/span><span class=\"s4\">moi<\/span><span class=\"s1\"> pour me parler de vive voix !&nbsp;<\/span><\/div><\/div><div class=\"vce-button--style-basic-container vce-button--style-basic-container--align-left\"><span class=\"vce-button--style-basic-wrapper vce\" id=\"el-02410562\" data-vce-do-apply=\"margin el-02410562\"><a class=\"vce-button--style-basic vce-button--style-basic--border-square vce-button--style-basic--size-medium vce-button--style-basic--color-b-37-32-105--fff vce-button--style-basic--hover-color-ba-37-32-105-0-8--fff\" href=\"https:\/\/sim-phonie.ch\/fr\/tarifs-et-contact\/\" title=\"\" data-vce-do-apply=\"padding border background  el-02410562\">Contactez-nous<\/a><\/span><\/div><\/div><\/div><\/div><div class=\"vce-col vce-col--md-auto vce-col--xs-1 vce-col--xs-last vce-col--xs-first vce-col--sm-last vce-col--sm-first vce-col--md-last vce-col--lg-last vce-col--xl-last\" id=\"el-1ae175ea\"><div class=\"vce-col-inner\" data-vce-do-apply=\"border margin background  el-1ae175ea\"><div class=\"vce-col-content\" data-vce-element-content=\"true\" data-vce-do-apply=\"padding el-1ae175ea\"><div class=\"vce-text-block\"><div class=\"vce-text-block-wrapper vce\" id=\"el-384157bc\" data-vce-do-apply=\"all el-384157bc\"><p><span class=\"s1\">D\u00e9couvrez des t\u00e9moignages de nos clients :&nbsp;<\/span><\/p><\/div><\/div><div class=\"vce vce-self-hosted-video-player\" id=\"el-eee8c020\" data-vce-do-apply=\"all el-eee8c020\"><div class=\"vce-self-hosted-video-player-wrapper\" data-vce-video-player=\"true\"><div class=\"vce-self-hosted-video-player-inner \"><div class=\"vce-self-hosted-video-fullscreen-play\"><div class=\"vce-features vce-features--style-none vce-features--align-center vce-features--size-large vce-icon--style--icon-color-fff vce-icon--style--shape-color-3cb878\"><div id=\"el-26dbcabf\" class=\"vce vce-features-icon-wrapper\" data-vce-do-apply=\"all el-26dbcabf\"><div class=\"vce-features--icon vce-icon\"><svg xmlns=\"https:\/\/www.w3.org\/2000\/svg\" viewBox=\"0 0 769 769\"><path stroke-width=\"25\" d=\"M565.755 696.27h-360l-180-311.77 180-311.77h360l180 311.77z\"><\/path><\/svg><span class=\"vce-icon-container fa fa-play\"><\/span><\/div><\/div><\/div><\/div><video class=\"vce-self-hosted-video-player-video\" src=\"https:\/\/sim-phonie.ch\/wp-content\/uploads\/2019\/09\/testimonials.mov\" webkit-playsinline=\"playsinline\" preload=\"auto\"><\/video><div class=\"vce-self-hosted-video-player-controls-wrapper\" data-vce-video-player-controls=\"true\"><div class=\"vce-self-hosted-video-player-controls-inner\"><div class=\"vce-self-hosted-video-player-controls--play\" data-vce-video-player-controls-play=\"true\"><svg width=\"16px\" height=\"21px\" viewBox=\"0 0 16 21\" class=\"vcv-self-hosted-video-element-controls-icon-play\"><g stroke=\"none\" stroke-width=\"1\" fill=\"none\" fill-rule=\"evenodd\"><g transform=\"translate(-24.000000, -387.000000)\" fill-rule=\"nonzero\" fill=\"#FFFFFF\"><g transform=\"translate(24.000000, 387.000000)\"><path d=\"M15.534,10.088 L1.034,0.088 C0.8805,-0.0175 0.6815,-0.0285 0.5175,0.057 C0.353,0.1435 0.25,0.3135 0.25,0.4995 L0.25,20.4995 C0.25,20.6855 0.353,20.856 0.5175,20.9425 C0.5905,20.9805 0.6705,20.9995 0.75,20.9995 C0.8495,20.9995 0.9485,20.9695 1.034,20.911 L15.534,10.911 C15.6695,10.8175 15.75,10.664 15.75,10.4995 C15.75,10.335 15.669,10.1815 15.534,10.088 Z\" id=\"Shape\"><\/path><\/g><\/g><\/g><\/svg><\/div><div class=\"vce-self-hosted-video-player-controls--pause\" data-vce-video-player-controls-pause=\"true\"><svg width=\"16px\" height=\"19px\" viewBox=\"0 0 16 19\" class=\"vcv-self-hosted-video-element-controls-icon-pause\"><g stroke=\"none\" stroke-width=\"1\" fill=\"none\" fill-rule=\"evenodd\"><g transform=\"translate(-24.000000, -388.000000)\" fill=\"#FFFFFF\"><g transform=\"translate(24.000000, 388.000000)\"><rect x=\"0\" y=\"0\" width=\"5\" height=\"19\"><\/rect><rect x=\"11\" y=\"0\" width=\"5\" height=\"19\"><\/rect><\/g><\/g><\/g><\/svg><\/div><div class=\"vce-self-hosted-video-player-timeline-wrapper\"><div class=\"vce-self-hosted-video-player-timeline-inner\"><div class=\"vce-self-hosted-video-player-timeline-buffer\" data-vce-video-player-timeline-buffer=\"true\" style=\"width: 72.6365%;\"><\/div><div class=\"vce-self-hosted-video-player-timeline\" data-vce-video-player-timeline=\"true\"><\/div><\/div><\/div><div class=\"vce-self-hosted-video-player-controls--fullscreen\" data-vce-video-player-controls-fullscreen=\"true\"><svg width=\"17px\" height=\"17px\" viewBox=\"0 0 17 17\" class=\"vcv-self-hosted-video-element-controls-icon-fullscreen\"><g stroke=\"none\" stroke-width=\"1\" fill=\"none\" fill-rule=\"evenodd\"><g transform=\"translate(-761.000000, -389.000000)\" fill-rule=\"nonzero\" fill=\"#FFFFFF\"><g transform=\"translate(761.000000, 389.000000)\"><g><polygon id=\"Shape\" points=\"2 11 0 11 0 17 6 17 6 15 2 15\"><\/polygon><polygon id=\"Shape\" points=\"2 2 6 2 6 0 0 0 0 6 2 6\"><\/polygon><polygon id=\"Shape\" points=\"15 15 11 15 11 17 17 17 17 11 15 11\"><\/polygon><polygon id=\"Shape\" points=\"11 0 11 2 15 2 15 6 17 6 17 0\"><\/polygon><\/g><\/g><\/g><\/g><\/svg><\/div><\/div><\/div><\/div><\/div><\/div><\/div><\/div><\/div><\/div><\/div><\/div><\/div><\/div><\/div><div class=\"vce-col vce-col--xs-100p vce-col--xs-visible vce-col--xs-last vce-col--xs-first vce-col--sm-100p vce-col--sm-visible vce-col--sm-last vce-col--sm-first vce-col--md-auto vce-col--md-visible vce-col--md-last vce-col--lg-auto vce-col--lg-visible vce-col--lg-last vce-col--xl-auto vce-col--xl-visible vce-col--xl-last\" id=\"el-977eb606\"><div class=\"vce-col-inner\" data-vce-do-apply=\"border margin background  el-977eb606\"><div class=\"vce-col-content\" data-vce-element-content=\"true\" data-vce-do-apply=\"padding el-977eb606\"><\/div><\/div><\/div><\/div><\/div><\/div><\/div><\/div><\/div><div class=\"vce-col vce-col--md-5p vce-col--xs-1 vce-col--xs-last vce-col--xs-first vce-col--sm-last vce-col--sm-first vce-col--md-last vce-col--lg-last vce-col--xl-last\" id=\"el-059bc1a3\"><div class=\"vce-col-inner\" data-vce-do-apply=\"border margin background  el-059bc1a3\"><div class=\"vce-col-content\" data-vce-element-content=\"true\" data-vce-do-apply=\"padding el-059bc1a3\"><\/div><\/div><\/div><\/div><\/div><\/div>\n","protected":false},"excerpt":{"rendered":"<p>R\u00c9F\u00c9RENCESBas\u00e9e \u00e0 Biel\/Bienne, sim-phonie est aussi pr\u00e9sente \u00e0 Berne et \u00e0 Neuch\u00e2tel. J\u2019accorde une importance capitale aux contacts personnels ainsi qu\u2019\u00e0 l\u2019instauration d\u2019une relation de confiance, sans aucun compromis en mati\u00e8re de pr\u00e9cision et de s\u00e9curit\u00e9. Prenez donc personnellement contact avec moi pour me parler de vive voix !&nbsp;Contactez-nousD\u00e9couvrez des t\u00e9moignages de nos clients :&nbsp;<\/p>\n","protected":false},"author":1,"featured_media":0,"parent":0,"menu_order":0,"comment_status":"closed","ping_status":"closed","template":"","meta":{"footnotes":""},"class_list":["post-91","page","type-page","status-publish","hentry"],"_links":{"self":[{"href":"https:\/\/sim-phonie.ch\/fr\/wp-json\/wp\/v2\/pages\/91"}],"collection":[{"href":"https:\/\/sim-phonie.ch\/fr\/wp-json\/wp\/v2\/pages"}],"about":[{"href":"https:\/\/sim-phonie.ch\/fr\/wp-json\/wp\/v2\/types\/page"}],"author":[{"embeddable":true,"href":"https:\/\/sim-phonie.ch\/fr\/wp-json\/wp\/v2\/users\/1"}],"replies":[{"embeddable":true,"href":"https:\/\/sim-phonie.ch\/fr\/wp-json\/wp\/v2\/comments?post=91"}],"version-history":[{"count":16,"href":"https:\/\/sim-phonie.ch\/fr\/wp-json\/wp\/v2\/pages\/91\/revisions"}],"predecessor-version":[{"id":1077,"href":"https:\/\/sim-phonie.ch\/fr\/wp-json\/wp\/v2\/pages\/91\/revisions\/1077"}],"wp:attachment":[{"href":"https:\/\/sim-phonie.ch\/fr\/wp-json\/wp\/v2\/media?parent=91"}],"curies":[{"name":"wp","href":"https:\/\/api.w.org\/{rel}","templated":true}]}}